{"id":5237,"date":"2020-02-12T14:22:25","date_gmt":"2020-02-12T14:22:25","guid":{"rendered":"https:\/\/aradesign.dev\/product\/igp-sizilien-bio\/"},"modified":"2021-03-11T14:17:21","modified_gmt":"2021-03-11T14:17:21","slug":"igp-sizilien-bio","status":"publish","type":"product","link":"https:\/\/sabo1845.com\/fr\/produit\/igp-sizilien-bio\/","title":{"rendered":"I.G.P. SICILIA BIO"},"content":{"rendered":"<p>&#8220;Par amour de la Sicile !&#8221;<\/p>\n<p>Ce qui a contribu\u00e9, au fil des ans, \u00e0 l&#8217;excellente r\u00e9putation de l&#8217;huile d&#8217;olive vierge extra de Sicile, au-del\u00e0 des conditions climatiques, d\u2019un terrain et d\u2019un microclimat exceptionnels, c\u2019est la capacit\u00e9 d\u2019avoir su utiliser la sagesse et les techniques agronomiques transmises de p\u00e8re en fils, en les am\u00e9liorant constamment gr\u00e2ce \u00e0 la recherche et \u00e0 l&#8217;innovation. Des terres parfaitement adapt\u00e9es et absolument vierges, accueillent de merveilleuses oliveraies, dont les fruits donnent une huile d&#8217;une puret\u00e9 absolue. Cette huile est le produit de la fid\u00e9lit\u00e9 \u00e0 la tradition et de l&#8217;amour de l&#8217;agriculture biologique sicilienne, gage d&#8217;authenticit\u00e9 et d&#8217;excellence.<\/p>\n<p>Disponible en bouteilles en verre de 500 ml ou 750 ml.<\/p>\n","protected":false},"excerpt":{"rendered":"<p>&#8220;Par amour de la Sicile !&#8221; Ce qui a contribu\u00e9, au fil des ans, \u00e0 l&#8217;excellente r\u00e9putation de l&#8217;huile d&#8217;olive<span class=\"excerpt-hellip\"> [\u2026]<\/span><\/p>\n","protected":false},"featured_media":1957,"comment_status":"open","ping_status":"closed","template":"","meta":[],"product_cat":[177],"product_tag":[],"wpr_featured_image":["https:\/\/sabo1845.com\/wp-content\/uploads\/2020\/01\/IGP-CARRETTO-BIO-750-ml-IMG_0015-150x150.png",150,150,true],"_links":{"self":[{"href":"https:\/\/sabo1845.com\/fr\/wp-json\/wp\/v2\/product\/5237"}],"collection":[{"href":"https:\/\/sabo1845.com\/fr\/wp-json\/wp\/v2\/product"}],"about":[{"href":"https:\/\/sabo1845.com\/fr\/wp-json\/wp\/v2\/types\/product"}],"replies":[{"embeddable":true,"href":"https:\/\/sabo1845.com\/fr\/wp-json\/wp\/v2\/comments?post=5237"}],"wp:featuredmedia":[{"embeddable":true,"href":"https:\/\/sabo1845.com\/fr\/wp-json\/wp\/v2\/media\/1957"}],"wp:attachment":[{"href":"https:\/\/sabo1845.com\/fr\/wp-json\/wp\/v2\/media?parent=5237"}],"wp:term":[{"taxonomy":"product_cat","embeddable":true,"href":"https:\/\/sabo1845.com\/fr\/wp-json\/wp\/v2\/product_cat?post=5237"},{"taxonomy":"product_tag","embeddable":true,"href":"https:\/\/sabo1845.com\/fr\/wp-json\/wp\/v2\/product_tag?post=5237"}],"curies":[{"name":"wp","href":"https:\/\/api.w.org\/{rel}","templated":true}]}}