{"id":5238,"date":"2020-02-12T14:20:30","date_gmt":"2020-02-12T14:20:30","guid":{"rendered":"https:\/\/aradesign.dev\/product\/igp-sizilien\/"},"modified":"2021-03-11T14:20:37","modified_gmt":"2021-03-11T14:20:37","slug":"igp-sizilien","status":"publish","type":"product","link":"https:\/\/sabo1845.com\/fr\/produit\/igp-sizilien\/","title":{"rendered":"I.G.P. SICILIA"},"content":{"rendered":"<p>&#8220;Par amour de la Sicile&#8221;<\/p>\n<p>Un produit unique qui s\u2019inspire des couleurs et des saveurs de notre terre chaleureuse. Un r\u00e9gal pour tous les sens. Une huile d&#8217;olive vierge extra sicilienne au label d\u2019indication g\u00e9ographique prot\u00e9g\u00e9e, produite \u00e0 partir d\u2019olives r\u00e9colt\u00e9es exclusivement dans les territoires des communes de Sicile : Il en r\u00e9sulte une harmonie unique de facteurs humains et environnementaux typiques du territoire. La certification IGP Sicile est un label puissant, efficace et unique pour affirmer l&#8217;origine de notre huile d&#8217;olive vierge extra et la marque Sicile, offrant la promotion id\u00e9ale de notre origine et de notre territoire.<\/p>\n<p>&nbsp;<\/p>\n","protected":false},"excerpt":{"rendered":"<p>&#8220;Par amour de la Sicile&#8221; Un produit unique qui s\u2019inspire des couleurs et des saveurs de notre terre chaleureuse. Un<span class=\"excerpt-hellip\"> [\u2026]<\/span><\/p>\n","protected":false},"featured_media":1952,"comment_status":"open","ping_status":"closed","template":"","meta":[],"product_cat":[177],"product_tag":[],"wpr_featured_image":["https:\/\/sabo1845.com\/wp-content\/uploads\/2020\/01\/IGP-carretto-IMG_0276-150x150.png",150,150,true],"_links":{"self":[{"href":"https:\/\/sabo1845.com\/fr\/wp-json\/wp\/v2\/product\/5238"}],"collection":[{"href":"https:\/\/sabo1845.com\/fr\/wp-json\/wp\/v2\/product"}],"about":[{"href":"https:\/\/sabo1845.com\/fr\/wp-json\/wp\/v2\/types\/product"}],"replies":[{"embeddable":true,"href":"https:\/\/sabo1845.com\/fr\/wp-json\/wp\/v2\/comments?post=5238"}],"wp:featuredmedia":[{"embeddable":true,"href":"https:\/\/sabo1845.com\/fr\/wp-json\/wp\/v2\/media\/1952"}],"wp:attachment":[{"href":"https:\/\/sabo1845.com\/fr\/wp-json\/wp\/v2\/media?parent=5238"}],"wp:term":[{"taxonomy":"product_cat","embeddable":true,"href":"https:\/\/sabo1845.com\/fr\/wp-json\/wp\/v2\/product_cat?post=5238"},{"taxonomy":"product_tag","embeddable":true,"href":"https:\/\/sabo1845.com\/fr\/wp-json\/wp\/v2\/product_tag?post=5238"}],"curies":[{"name":"wp","href":"https:\/\/api.w.org\/{rel}","templated":true}]}}