{"id":5239,"date":"2020-02-11T14:12:43","date_gmt":"2020-02-11T14:12:43","guid":{"rendered":"https:\/\/aradesign.dev\/product\/contadino-novello\/"},"modified":"2021-03-11T14:25:53","modified_gmt":"2021-03-11T14:25:53","slug":"contadino-novello","status":"publish","type":"product","link":"https:\/\/sabo1845.com\/fr\/produit\/contadino-novello\/","title":{"rendered":"Contadino\/Novello 1 L"},"content":{"rendered":"<p>La saveur de ce \u201cNovello\u201d VIERGE EXTRA rappelle le fruit et vert et sain. Sa saveur fruit\u00e9e aromatique avec une l\u00e9g\u00e8re note piquante, sera plus marqu\u00e9e jusqu\u2019\u00e0 fin juin, en s\u2019att\u00e9nuant par la suite et devenant plus douce et harmonieuse.<\/p>\n","protected":false},"excerpt":{"rendered":"<p>La saveur de ce \u201cNovello\u201d VIERGE EXTRA rappelle le fruit et vert et sain. Sa saveur fruit\u00e9e aromatique avec une<span class=\"excerpt-hellip\"> [\u2026]<\/span><\/p>\n","protected":false},"featured_media":3200,"comment_status":"open","ping_status":"closed","template":"","meta":[],"product_cat":[177],"product_tag":[],"wpr_featured_image":["https:\/\/sabo1845.com\/wp-content\/uploads\/2020\/02\/Novello_sito-150x150.jpg",150,150,true],"_links":{"self":[{"href":"https:\/\/sabo1845.com\/fr\/wp-json\/wp\/v2\/product\/5239"}],"collection":[{"href":"https:\/\/sabo1845.com\/fr\/wp-json\/wp\/v2\/product"}],"about":[{"href":"https:\/\/sabo1845.com\/fr\/wp-json\/wp\/v2\/types\/product"}],"replies":[{"embeddable":true,"href":"https:\/\/sabo1845.com\/fr\/wp-json\/wp\/v2\/comments?post=5239"}],"wp:featuredmedia":[{"embeddable":true,"href":"https:\/\/sabo1845.com\/fr\/wp-json\/wp\/v2\/media\/3200"}],"wp:attachment":[{"href":"https:\/\/sabo1845.com\/fr\/wp-json\/wp\/v2\/media?parent=5239"}],"wp:term":[{"taxonomy":"product_cat","embeddable":true,"href":"https:\/\/sabo1845.com\/fr\/wp-json\/wp\/v2\/product_cat?post=5239"},{"taxonomy":"product_tag","embeddable":true,"href":"https:\/\/sabo1845.com\/fr\/wp-json\/wp\/v2\/product_tag?post=5239"}],"curies":[{"name":"wp","href":"https:\/\/api.w.org\/{rel}","templated":true}]}}