{"id":5240,"date":"2020-02-13T14:28:18","date_gmt":"2020-02-13T14:28:18","guid":{"rendered":"https:\/\/aradesign.dev\/product\/lorenzo-nr-5\/"},"modified":"2021-03-11T10:23:15","modified_gmt":"2021-03-11T10:23:15","slug":"lorenzo-nr-5","status":"publish","type":"product","link":"https:\/\/sabo1845.com\/fr\/produit\/lorenzo-nr-5\/","title":{"rendered":"LORENZO N\u00b0 5"},"content":{"rendered":"<p>Ce monovari\u00e9t\u00e9, obtenu \u00e0 partir d\u2019olives vertes &#8220;Nocellara&#8221;, cultiv\u00e9es en hauteur sur les collines et soigneusement d\u00e9noyaut\u00e9es avant d\u2019\u00eatre tritur\u00e9es, donne naissance \u00e0 une huile d\u2019un ar\u00f4me subtil, d\u2019une saveur d\u00e9licate et suave et d\u2019une densit\u00e9 particuli\u00e8re. Les olives \u00e9tant d\u00e9noyaut\u00e9es, il en d\u00e9coule une huile sans tanins (contenus dans les noyaux) et donc sans amertume (apport\u00e9e par l\u2019amande \u00e0 l\u2019int\u00e9rieur des noyaux). Sa grande douceur et son ar\u00f4me sensuel font de cette huile le partenaire id\u00e9al des plus grands p\u00e2tissiers ! Id\u00e9ale \u00e9galement pour les plats \u00e0 base de poisson.<\/p>\n","protected":false},"excerpt":{"rendered":"<p>Ce monovari\u00e9t\u00e9, obtenu \u00e0 partir d\u2019olives vertes &#8220;Nocellara&#8221;, cultiv\u00e9es en hauteur sur les collines et soigneusement d\u00e9noyaut\u00e9es avant d\u2019\u00eatre tritur\u00e9es,<span class=\"excerpt-hellip\"> [\u2026]<\/span><\/p>\n","protected":false},"featured_media":1932,"comment_status":"open","ping_status":"closed","template":"","meta":[],"product_cat":[177],"product_tag":[],"wpr_featured_image":["https:\/\/sabo1845.com\/wp-content\/uploads\/2020\/01\/LORENZO-5-CONFEZIONE-MONO-150x150.png",150,150,true],"_links":{"self":[{"href":"https:\/\/sabo1845.com\/fr\/wp-json\/wp\/v2\/product\/5240"}],"collection":[{"href":"https:\/\/sabo1845.com\/fr\/wp-json\/wp\/v2\/product"}],"about":[{"href":"https:\/\/sabo1845.com\/fr\/wp-json\/wp\/v2\/types\/product"}],"replies":[{"embeddable":true,"href":"https:\/\/sabo1845.com\/fr\/wp-json\/wp\/v2\/comments?post=5240"}],"wp:featuredmedia":[{"embeddable":true,"href":"https:\/\/sabo1845.com\/fr\/wp-json\/wp\/v2\/media\/1932"}],"wp:attachment":[{"href":"https:\/\/sabo1845.com\/fr\/wp-json\/wp\/v2\/media?parent=5240"}],"wp:term":[{"taxonomy":"product_cat","embeddable":true,"href":"https:\/\/sabo1845.com\/fr\/wp-json\/wp\/v2\/product_cat?post=5240"},{"taxonomy":"product_tag","embeddable":true,"href":"https:\/\/sabo1845.com\/fr\/wp-json\/wp\/v2\/product_tag?post=5240"}],"curies":[{"name":"wp","href":"https:\/\/api.w.org\/{rel}","templated":true}]}}