{"id":5241,"date":"2020-02-14T14:06:48","date_gmt":"2020-02-14T14:06:48","guid":{"rendered":"https:\/\/aradesign.dev\/product\/val-di-mazzara\/"},"modified":"2025-10-23T08:36:18","modified_gmt":"2025-10-23T08:36:18","slug":"val-di-mazzara","status":"publish","type":"product","link":"https:\/\/sabo1845.com\/fr\/produit\/val-di-mazzara\/","title":{"rendered":"100% Italie"},"content":{"rendered":"<p>\u00c0 l\u2019occasion du 150\u1d49 anniversaire de l\u2019unification de l\u2019Italie, nous pr\u00e9sentons notre meilleure huile avec une \u00e9tiquette comm\u00e9morative aux couleurs du drapeau italien. Nous sommes fiers d\u2019offrir, gr\u00e2ce \u00e0 notre production, une v\u00e9ritable qualit\u00e9 italienne. Notre huile d\u2019olive extra vierge rassemble la diversit\u00e9 de la cuisine r\u00e9gionale italienne en un seul produit. L\u2019\u00e9tiquette comm\u00e9morative symbolise l\u2019histoire, la tradition et la qualit\u00e9. Fabriqu\u00e9e <strong data-start=\"502\" data-end=\"523\">\u00e0 100\u202f% en Italie<\/strong>, notre huile est exclusivement issue d\u2019olives r\u00e9colt\u00e9es, press\u00e9es et mises en bouteille en Italie.<\/p>\n","protected":false},"excerpt":{"rendered":"<p>\u00c0 l\u2019occasion du 150\u1d49 anniversaire de l\u2019unification de l\u2019Italie, nous pr\u00e9sentons notre meilleure huile avec une \u00e9tiquette comm\u00e9morative aux couleurs<span class=\"excerpt-hellip\"> [\u2026]<\/span><\/p>\n","protected":false},"featured_media":11722,"comment_status":"open","ping_status":"closed","template":"","meta":[],"product_cat":[177],"product_tag":[],"wpr_featured_image":["https:\/\/sabo1845.com\/wp-content\/uploads\/2025\/10\/Olio-Barbera-100_Italy_2025-150x150.jpg",150,150,true],"_links":{"self":[{"href":"https:\/\/sabo1845.com\/fr\/wp-json\/wp\/v2\/product\/5241"}],"collection":[{"href":"https:\/\/sabo1845.com\/fr\/wp-json\/wp\/v2\/product"}],"about":[{"href":"https:\/\/sabo1845.com\/fr\/wp-json\/wp\/v2\/types\/product"}],"replies":[{"embeddable":true,"href":"https:\/\/sabo1845.com\/fr\/wp-json\/wp\/v2\/comments?post=5241"}],"wp:featuredmedia":[{"embeddable":true,"href":"https:\/\/sabo1845.com\/fr\/wp-json\/wp\/v2\/media\/11722"}],"wp:attachment":[{"href":"https:\/\/sabo1845.com\/fr\/wp-json\/wp\/v2\/media?parent=5241"}],"wp:term":[{"taxonomy":"product_cat","embeddable":true,"href":"https:\/\/sabo1845.com\/fr\/wp-json\/wp\/v2\/product_cat?post=5241"},{"taxonomy":"product_tag","embeddable":true,"href":"https:\/\/sabo1845.com\/fr\/wp-json\/wp\/v2\/product_tag?post=5241"}],"curies":[{"name":"wp","href":"https:\/\/api.w.org\/{rel}","templated":true}]}}