{"id":5242,"date":"2020-02-17T14:03:13","date_gmt":"2020-02-17T14:03:13","guid":{"rendered":"https:\/\/aradesign.dev\/product\/selezione-unica\/"},"modified":"2021-03-11T09:20:55","modified_gmt":"2021-03-11T09:20:55","slug":"selezione-unica","status":"publish","type":"product","link":"https:\/\/sabo1845.com\/fr\/produit\/selezione-unica\/","title":{"rendered":"Selezione Unica"},"content":{"rendered":"<p>Ce produit est obtenu \u00e0 partir d\u2019une s\u00e9lection particuli\u00e8re d\u2019huiles issues de la r\u00e9gion m\u00e9diterran\u00e9enne donnant un m\u00e9lange faible acidit\u00e9, d\u2019une valeur nutritionnelle \u00e9lev\u00e9e et d\u2019une grande fragrance. Une s\u00e9lection unique d&#8217;huile d&#8217;olive vierge extra. L&#8217;\u00e9quilibre parfait entre douceur et fra\u00eecheur avec une note herbac\u00e9e et fruit\u00e9e persistante sur la fin, fait de ce produit un exhausteur de go\u00fbt qui enrichira la saveur de chacune de vos recettes. Un produit d&#8217;une grande limpidit\u00e9 et d&#8217;un ar\u00f4me p\u00e9n\u00e9trant, au go\u00fbt d\u00e9licat et parfum\u00e9.<\/p>\n","protected":false},"excerpt":{"rendered":"<p>Ce produit est obtenu \u00e0 partir d\u2019une s\u00e9lection particuli\u00e8re d\u2019huiles issues de la r\u00e9gion m\u00e9diterran\u00e9enne donnant un m\u00e9lange faible acidit\u00e9,<span class=\"excerpt-hellip\"> [\u2026]<\/span><\/p>\n","protected":false},"featured_media":2829,"comment_status":"open","ping_status":"closed","template":"","meta":[],"product_cat":[177],"product_tag":[],"wpr_featured_image":["https:\/\/sabo1845.com\/wp-content\/uploads\/2020\/02\/Selezione-Unica-Tris-300x303_SM-150x150.jpg",150,150,true],"_links":{"self":[{"href":"https:\/\/sabo1845.com\/fr\/wp-json\/wp\/v2\/product\/5242"}],"collection":[{"href":"https:\/\/sabo1845.com\/fr\/wp-json\/wp\/v2\/product"}],"about":[{"href":"https:\/\/sabo1845.com\/fr\/wp-json\/wp\/v2\/types\/product"}],"replies":[{"embeddable":true,"href":"https:\/\/sabo1845.com\/fr\/wp-json\/wp\/v2\/comments?post=5242"}],"wp:featuredmedia":[{"embeddable":true,"href":"https:\/\/sabo1845.com\/fr\/wp-json\/wp\/v2\/media\/2829"}],"wp:attachment":[{"href":"https:\/\/sabo1845.com\/fr\/wp-json\/wp\/v2\/media?parent=5242"}],"wp:term":[{"taxonomy":"product_cat","embeddable":true,"href":"https:\/\/sabo1845.com\/fr\/wp-json\/wp\/v2\/product_cat?post=5242"},{"taxonomy":"product_tag","embeddable":true,"href":"https:\/\/sabo1845.com\/fr\/wp-json\/wp\/v2\/product_tag?post=5242"}],"curies":[{"name":"wp","href":"https:\/\/api.w.org\/{rel}","templated":true}]}}