{"id":5278,"date":"2019-11-07T22:24:38","date_gmt":"2019-11-07T22:24:38","guid":{"rendered":"https:\/\/aradesign.dev\/product\/erdnussoel-7\/"},"modified":"2021-11-22T15:30:03","modified_gmt":"2021-11-22T15:30:03","slug":"erdnussoel-7","status":"publish","type":"product","link":"https:\/\/sabo1845.com\/fr\/produit\/erdnussoel-7\/","title":{"rendered":"Huile d&#8217;arachide"},"content":{"rendered":"<p>Gr\u00e2ce \u00e0 son go\u00fbt neutre et sa grande r\u00e9sistance \u00e0 la chaleur, l&#8217;huile d&#8217;arachide convient parfaitement \u00e0 la friture. L&#8217;huile d&#8217;arachide est riche en vitamine E et pr\u00e9sente un bon \u00e9quilibre entre les acides gras mono-insatur\u00e9s et polyinsatur\u00e9s.<\/p>\n<p>&nbsp;<\/p>\n","protected":false},"excerpt":{"rendered":"<p>Gr\u00e2ce \u00e0 son go\u00fbt neutre et sa grande r\u00e9sistance \u00e0 la chaleur, l&#8217;huile d&#8217;arachide convient parfaitement \u00e0 la friture. L&#8217;huile<span class=\"excerpt-hellip\"> [\u2026]<\/span><\/p>\n","protected":false},"featured_media":10882,"comment_status":"open","ping_status":"closed","template":"","meta":[],"product_cat":[166,170,179],"product_tag":[],"wpr_featured_image":["https:\/\/sabo1845.com\/wp-content\/uploads\/2024\/12\/sabo_render_web_erdnussol_2L-150x150.jpg",150,150,true],"_links":{"self":[{"href":"https:\/\/sabo1845.com\/fr\/wp-json\/wp\/v2\/product\/5278"}],"collection":[{"href":"https:\/\/sabo1845.com\/fr\/wp-json\/wp\/v2\/product"}],"about":[{"href":"https:\/\/sabo1845.com\/fr\/wp-json\/wp\/v2\/types\/product"}],"replies":[{"embeddable":true,"href":"https:\/\/sabo1845.com\/fr\/wp-json\/wp\/v2\/comments?post=5278"}],"wp:featuredmedia":[{"embeddable":true,"href":"https:\/\/sabo1845.com\/fr\/wp-json\/wp\/v2\/media\/10882"}],"wp:attachment":[{"href":"https:\/\/sabo1845.com\/fr\/wp-json\/wp\/v2\/media?parent=5278"}],"wp:term":[{"taxonomy":"product_cat","embeddable":true,"href":"https:\/\/sabo1845.com\/fr\/wp-json\/wp\/v2\/product_cat?post=5278"},{"taxonomy":"product_tag","embeddable":true,"href":"https:\/\/sabo1845.com\/fr\/wp-json\/wp\/v2\/product_tag?post=5278"}],"curies":[{"name":"wp","href":"https:\/\/api.w.org\/{rel}","templated":true}]}}