{"id":5288,"date":"2019-11-07T22:24:08","date_gmt":"2019-11-07T22:24:08","guid":{"rendered":"https:\/\/aradesign.dev\/product\/sonnenblumenoel-7\/"},"modified":"2021-11-25T09:14:03","modified_gmt":"2021-11-25T09:14:03","slug":"sonnenblumenoel-7","status":"publish","type":"product","link":"https:\/\/sabo1845.com\/fr\/produit\/sonnenblumenoel-7\/","title":{"rendered":"Huile de tournesol"},"content":{"rendered":"<p>Notre huile de tournesol est d\u00e9licatement press\u00e9e et contient une proportion \u00e9lev\u00e9e d\u2019acides gras insatur\u00e9s. Nos contr\u00f4les continus et rigoureux permettent de garantir la constance d\u2019une qualit\u00e9 sup\u00e9rieure, un go\u00fbt \u00e9quilibr\u00e9 et pur de notre huile de tournesol. Utiliser cette huile pour vos cuissons, p\u00e2tisseries et fritures et pour assaisonner vos salades sera un vrai plaisir. Un ingr\u00e9dient indispensable en cuisine!<\/p>\n<p>&nbsp;<\/p>\n","protected":false},"excerpt":{"rendered":"<p>Notre huile de tournesol est d\u00e9licatement press\u00e9e et contient une proportion \u00e9lev\u00e9e d\u2019acides gras insatur\u00e9s. Nos contr\u00f4les continus et rigoureux<span class=\"excerpt-hellip\"> [\u2026]<\/span><\/p>\n","protected":false},"featured_media":10942,"comment_status":"open","ping_status":"closed","template":"","meta":[],"product_cat":[170,179],"product_tag":[],"wpr_featured_image":["https:\/\/sabo1845.com\/wp-content\/uploads\/2024\/12\/sabo_render_web_sonneol_1L-150x150.jpg",150,150,true],"_links":{"self":[{"href":"https:\/\/sabo1845.com\/fr\/wp-json\/wp\/v2\/product\/5288"}],"collection":[{"href":"https:\/\/sabo1845.com\/fr\/wp-json\/wp\/v2\/product"}],"about":[{"href":"https:\/\/sabo1845.com\/fr\/wp-json\/wp\/v2\/types\/product"}],"replies":[{"embeddable":true,"href":"https:\/\/sabo1845.com\/fr\/wp-json\/wp\/v2\/comments?post=5288"}],"wp:featuredmedia":[{"embeddable":true,"href":"https:\/\/sabo1845.com\/fr\/wp-json\/wp\/v2\/media\/10942"}],"wp:attachment":[{"href":"https:\/\/sabo1845.com\/fr\/wp-json\/wp\/v2\/media?parent=5288"}],"wp:term":[{"taxonomy":"product_cat","embeddable":true,"href":"https:\/\/sabo1845.com\/fr\/wp-json\/wp\/v2\/product_cat?post=5288"},{"taxonomy":"product_tag","embeddable":true,"href":"https:\/\/sabo1845.com\/fr\/wp-json\/wp\/v2\/product_tag?post=5288"}],"curies":[{"name":"wp","href":"https:\/\/api.w.org\/{rel}","templated":true}]}}