{"id":5292,"date":"2019-11-07T22:24:06","date_gmt":"2019-11-07T22:24:06","guid":{"rendered":"https:\/\/aradesign.dev\/product\/rapsoel-3\/"},"modified":"2021-03-25T14:02:14","modified_gmt":"2021-03-25T14:02:14","slug":"rapsoel-3","status":"publish","type":"product","link":"https:\/\/sabo1845.com\/fr\/produit\/rapsoel-3\/","title":{"rendered":"Huile de colza"},"content":{"rendered":"<p>L&#8217;huile de colza contient de la vitamine E, est riche en acides gras mono-insatur\u00e9s et a une teneur \u00e9lev\u00e9e en acides gras om\u00e9ga-3. L&#8217;huile de colza est id\u00e9ale pour les plats chauds et froids, les salades et les vinaigrettes ainsi que pour les marinades, fritures, r\u00f4tis et cuisson \u00e0 la vapeur.<\/p>\n","protected":false},"excerpt":{"rendered":"<p>L&#8217;huile de colza contient de la vitamine E, est riche en acides gras mono-insatur\u00e9s et a une teneur \u00e9lev\u00e9e en<span class=\"excerpt-hellip\"> [\u2026]<\/span><\/p>\n","protected":false},"featured_media":10374,"comment_status":"open","ping_status":"closed","template":"","meta":[],"product_cat":[166,170,179],"product_tag":[],"wpr_featured_image":["https:\/\/sabo1845.com\/wp-content\/uploads\/2024\/04\/sabo_colza_1L_3d_web_v1-150x150.jpg",150,150,true],"_links":{"self":[{"href":"https:\/\/sabo1845.com\/fr\/wp-json\/wp\/v2\/product\/5292"}],"collection":[{"href":"https:\/\/sabo1845.com\/fr\/wp-json\/wp\/v2\/product"}],"about":[{"href":"https:\/\/sabo1845.com\/fr\/wp-json\/wp\/v2\/types\/product"}],"replies":[{"embeddable":true,"href":"https:\/\/sabo1845.com\/fr\/wp-json\/wp\/v2\/comments?post=5292"}],"wp:featuredmedia":[{"embeddable":true,"href":"https:\/\/sabo1845.com\/fr\/wp-json\/wp\/v2\/media\/10374"}],"wp:attachment":[{"href":"https:\/\/sabo1845.com\/fr\/wp-json\/wp\/v2\/media?parent=5292"}],"wp:term":[{"taxonomy":"product_cat","embeddable":true,"href":"https:\/\/sabo1845.com\/fr\/wp-json\/wp\/v2\/product_cat?post=5292"},{"taxonomy":"product_tag","embeddable":true,"href":"https:\/\/sabo1845.com\/fr\/wp-json\/wp\/v2\/product_tag?post=5292"}],"curies":[{"name":"wp","href":"https:\/\/api.w.org\/{rel}","templated":true}]}}