{"id":5294,"date":"2019-11-07T22:24:05","date_gmt":"2019-11-07T22:24:05","guid":{"rendered":"https:\/\/aradesign.dev\/product\/erdnussoel-3\/"},"modified":"2021-04-01T08:28:54","modified_gmt":"2021-04-01T08:28:54","slug":"erdnussoel-3","status":"publish","type":"product","link":"https:\/\/sabo1845.com\/fr\/produit\/erdnussoel-3\/","title":{"rendered":"Huile d&#8217;arachide"},"content":{"rendered":"<p>Gr\u00e2ce \u00e0 son go\u00fbt neutre et sa r\u00e9sistance \u00e0 des temp\u00e9ratures \u00e9lev\u00e9es, l\u2019huile d\u2019arachide est id\u00e9ale pour la friture. L\u2019huile d\u2019arachide est riche en vitamine E et pr\u00e9sente un rapport \u00e9quilibr\u00e9 entre les acides gras mono et poly-insatur\u00e9s.<\/p>\n","protected":false},"excerpt":{"rendered":"<p>Gr\u00e2ce \u00e0 son go\u00fbt neutre et sa r\u00e9sistance \u00e0 des temp\u00e9ratures \u00e9lev\u00e9es, l\u2019huile d\u2019arachide est id\u00e9ale pour la friture. L\u2019huile<span class=\"excerpt-hellip\"> [\u2026]<\/span><\/p>\n","protected":false},"featured_media":10886,"comment_status":"open","ping_status":"closed","template":"","meta":[],"product_cat":[166,179],"product_tag":[],"wpr_featured_image":["https:\/\/sabo1845.com\/wp-content\/uploads\/2024\/12\/sabo_render_web_erdnussol_3L-150x150.jpg",150,150,true],"_links":{"self":[{"href":"https:\/\/sabo1845.com\/fr\/wp-json\/wp\/v2\/product\/5294"}],"collection":[{"href":"https:\/\/sabo1845.com\/fr\/wp-json\/wp\/v2\/product"}],"about":[{"href":"https:\/\/sabo1845.com\/fr\/wp-json\/wp\/v2\/types\/product"}],"replies":[{"embeddable":true,"href":"https:\/\/sabo1845.com\/fr\/wp-json\/wp\/v2\/comments?post=5294"}],"wp:featuredmedia":[{"embeddable":true,"href":"https:\/\/sabo1845.com\/fr\/wp-json\/wp\/v2\/media\/10886"}],"wp:attachment":[{"href":"https:\/\/sabo1845.com\/fr\/wp-json\/wp\/v2\/media?parent=5294"}],"wp:term":[{"taxonomy":"product_cat","embeddable":true,"href":"https:\/\/sabo1845.com\/fr\/wp-json\/wp\/v2\/product_cat?post=5294"},{"taxonomy":"product_tag","embeddable":true,"href":"https:\/\/sabo1845.com\/fr\/wp-json\/wp\/v2\/product_tag?post=5294"}],"curies":[{"name":"wp","href":"https:\/\/api.w.org\/{rel}","templated":true}]}}