{"id":5299,"date":"2019-11-06T22:24:04","date_gmt":"2019-11-06T22:24:04","guid":{"rendered":"https:\/\/aradesign.dev\/product\/bonfrit\/"},"modified":"2025-01-20T13:56:10","modified_gmt":"2025-01-20T13:56:10","slug":"bonfrit","status":"publish","type":"product","link":"https:\/\/sabo1845.com\/fr\/produit\/bonfrit\/","title":{"rendered":"BonFrit"},"content":{"rendered":"<p>BonFrit est parfaite pour la friture gr\u00e2ce \u00e0 son go\u00fbt neutre et sa grande r\u00e9sistance \u00e0 la chaleur. La vari\u00e9t\u00e9 sp\u00e9cifique de ce <a href=\"https:\/\/sabo1845.com\/fr\/matiere-premiere\/\">tournesol haut ol\u00e9ique<\/a> ainsi que nos contr\u00f4les continus et rigoureux offrent \u00e0 notre huile de tournesol suisse la constance d\u2019une qualit\u00e9 sup\u00e9rieure, son go\u00fbt pur et \u00e9quilibr\u00e9.<\/p>\n","protected":false},"excerpt":{"rendered":"<p>BonFrit est parfaite pour la friture gr\u00e2ce \u00e0 son go\u00fbt neutre et sa grande r\u00e9sistance \u00e0 la chaleur. La vari\u00e9t\u00e9<span class=\"excerpt-hellip\"> [\u2026]<\/span><\/p>\n","protected":false},"featured_media":10836,"comment_status":"open","ping_status":"closed","template":"","meta":[],"product_cat":[170,179],"product_tag":[],"wpr_featured_image":["https:\/\/sabo1845.com\/wp-content\/uploads\/2024\/11\/sabo_render_web_bonfrit_1L_2024-150x150.jpg",150,150,true],"_links":{"self":[{"href":"https:\/\/sabo1845.com\/fr\/wp-json\/wp\/v2\/product\/5299"}],"collection":[{"href":"https:\/\/sabo1845.com\/fr\/wp-json\/wp\/v2\/product"}],"about":[{"href":"https:\/\/sabo1845.com\/fr\/wp-json\/wp\/v2\/types\/product"}],"replies":[{"embeddable":true,"href":"https:\/\/sabo1845.com\/fr\/wp-json\/wp\/v2\/comments?post=5299"}],"wp:featuredmedia":[{"embeddable":true,"href":"https:\/\/sabo1845.com\/fr\/wp-json\/wp\/v2\/media\/10836"}],"wp:attachment":[{"href":"https:\/\/sabo1845.com\/fr\/wp-json\/wp\/v2\/media?parent=5299"}],"wp:term":[{"taxonomy":"product_cat","embeddable":true,"href":"https:\/\/sabo1845.com\/fr\/wp-json\/wp\/v2\/product_cat?post=5299"},{"taxonomy":"product_tag","embeddable":true,"href":"https:\/\/sabo1845.com\/fr\/wp-json\/wp\/v2\/product_tag?post=5299"}],"curies":[{"name":"wp","href":"https:\/\/api.w.org\/{rel}","templated":true}]}}