{"id":5302,"date":"2019-11-08T22:24:04","date_gmt":"2019-11-08T22:24:04","guid":{"rendered":"https:\/\/aradesign.dev\/product\/sonnenblumenoel-4\/"},"modified":"2022-05-05T10:03:43","modified_gmt":"2022-05-05T10:03:43","slug":"sonnenblumenoel-4","status":"publish","type":"product","link":"https:\/\/sabo1845.com\/fr\/produit\/sonnenblumenoel-4\/","title":{"rendered":"Sonne"},"content":{"rendered":"<p>Notre huile de tournesol est d\u00e9licatement press\u00e9e et contient beaucoup de vitamin E. En plus, elle est enrichie en vitamines K. L\u2019huile SONNE de Sabo a une proportion \u00e9lev\u00e9e en acides gras insatur\u00e9s. Nos contr\u00f4les continus et rigoureux ont permis de garantir, tout au long des d\u00e9cennies, la constance d\u2019une qualit\u00e9 sup\u00e9rieure de nos produits, un go\u00fbt \u00e9quilibr\u00e9 et d\u00e9licat. Utiliser SONNE de Sabo pour vos cuissons, p\u00e2tisseries et fritures et pour assaisonner vos salades sera un vrai plaisir. Un ingr\u00e9dient indispensable en cuisine! &nbsp;<\/p>\n","protected":false},"excerpt":{"rendered":"<p><br data-mce-bogus=\"1\"><\/p>\n","protected":false},"featured_media":10930,"comment_status":"open","ping_status":"closed","template":"","meta":[],"product_cat":[170,179],"product_tag":[],"wpr_featured_image":["https:\/\/sabo1845.com\/wp-content\/uploads\/2024\/12\/sabo_render_web_sonne_1L-150x150.jpg",150,150,true],"_links":{"self":[{"href":"https:\/\/sabo1845.com\/fr\/wp-json\/wp\/v2\/product\/5302"}],"collection":[{"href":"https:\/\/sabo1845.com\/fr\/wp-json\/wp\/v2\/product"}],"about":[{"href":"https:\/\/sabo1845.com\/fr\/wp-json\/wp\/v2\/types\/product"}],"replies":[{"embeddable":true,"href":"https:\/\/sabo1845.com\/fr\/wp-json\/wp\/v2\/comments?post=5302"}],"wp:featuredmedia":[{"embeddable":true,"href":"https:\/\/sabo1845.com\/fr\/wp-json\/wp\/v2\/media\/10930"}],"wp:attachment":[{"href":"https:\/\/sabo1845.com\/fr\/wp-json\/wp\/v2\/media?parent=5302"}],"wp:term":[{"taxonomy":"product_cat","embeddable":true,"href":"https:\/\/sabo1845.com\/fr\/wp-json\/wp\/v2\/product_cat?post=5302"},{"taxonomy":"product_tag","embeddable":true,"href":"https:\/\/sabo1845.com\/fr\/wp-json\/wp\/v2\/product_tag?post=5302"}],"curies":[{"name":"wp","href":"https:\/\/api.w.org\/{rel}","templated":true}]}}