{"id":5304,"date":"2019-11-07T22:24:03","date_gmt":"2019-11-07T22:24:03","guid":{"rendered":"https:\/\/aradesign.dev\/product\/raps-plus\/"},"modified":"2022-05-05T11:37:47","modified_gmt":"2022-05-05T11:37:47","slug":"raps-plus","status":"publish","type":"product","link":"https:\/\/sabo1845.com\/fr\/produit\/raps-plus\/","title":{"rendered":"Colza Plus"},"content":{"rendered":"<p>Sabo RapsPlus est riche en acides gras om\u00e9ga 3 et enrichie en EPA et DHA (acides gras polyinsatur\u00e9s) et vitamin K. Nos contr\u00f4les continus et rigoureux ont permis de garantir, tout au long des d\u00e9cennies, la constance d\u2019une qualit\u00e9 sup\u00e9rieure de nos produits, un go\u00fbt \u00e9quilibr\u00e9 et d\u00e9licat. Une huile excellente pour la friture, cuisson, p\u00e2tisserie et pour les salades.<\/p>\n","protected":false},"excerpt":{"rendered":"<p>Sabo RapsPlus est riche en acides gras om\u00e9ga 3 et enrichie en EPA et DHA (acides gras polyinsatur\u00e9s) et vitamin<span class=\"excerpt-hellip\"> [\u2026]<\/span><\/p>\n","protected":false},"featured_media":10926,"comment_status":"open","ping_status":"closed","template":"","meta":[],"product_cat":[170,179],"product_tag":[],"wpr_featured_image":["https:\/\/sabo1845.com\/wp-content\/uploads\/2024\/12\/sabo_render_web_rapsplus_1L-150x150.jpg",150,150,true],"_links":{"self":[{"href":"https:\/\/sabo1845.com\/fr\/wp-json\/wp\/v2\/product\/5304"}],"collection":[{"href":"https:\/\/sabo1845.com\/fr\/wp-json\/wp\/v2\/product"}],"about":[{"href":"https:\/\/sabo1845.com\/fr\/wp-json\/wp\/v2\/types\/product"}],"replies":[{"embeddable":true,"href":"https:\/\/sabo1845.com\/fr\/wp-json\/wp\/v2\/comments?post=5304"}],"wp:featuredmedia":[{"embeddable":true,"href":"https:\/\/sabo1845.com\/fr\/wp-json\/wp\/v2\/media\/10926"}],"wp:attachment":[{"href":"https:\/\/sabo1845.com\/fr\/wp-json\/wp\/v2\/media?parent=5304"}],"wp:term":[{"taxonomy":"product_cat","embeddable":true,"href":"https:\/\/sabo1845.com\/fr\/wp-json\/wp\/v2\/product_cat?post=5304"},{"taxonomy":"product_tag","embeddable":true,"href":"https:\/\/sabo1845.com\/fr\/wp-json\/wp\/v2\/product_tag?post=5304"}],"curies":[{"name":"wp","href":"https:\/\/api.w.org\/{rel}","templated":true}]}}