{"id":5312,"date":"2019-11-07T22:24:00","date_gmt":"2019-11-07T22:24:00","guid":{"rendered":"https:\/\/aradesign.dev\/product\/natives-olivenoel-extra-12\/"},"modified":"2020-10-15T13:24:13","modified_gmt":"2020-10-15T13:24:13","slug":"natives-olivenoel-extra-12","status":"publish","type":"product","link":"https:\/\/sabo1845.com\/fr\/produit\/natives-olivenoel-extra-12\/","title":{"rendered":"Huile d&#8217;olive vierge extra biologique"},"content":{"rendered":"<p>Id\u00e9ale crue, pour assaisonner les salades ou les plats cuits \u00e0 la vapeur. Elle est aussi conseill\u00e9e cuite, pour les cuissons \u00e0 haute temp\u00e9rature et la friture.<\/p>\n<p>&nbsp;<\/p>\n","protected":false},"excerpt":{"rendered":"<p>Biologique<\/p>\n","protected":false},"featured_media":5934,"comment_status":"open","ping_status":"closed","template":"","meta":[],"product_cat":[166],"product_tag":[],"wpr_featured_image":["https:\/\/sabo1845.com\/wp-content\/uploads\/2020\/10\/Sabo_Bibox_neutro_20LT_WEB_evo_italia-150x150.jpg",150,150,true],"_links":{"self":[{"href":"https:\/\/sabo1845.com\/fr\/wp-json\/wp\/v2\/product\/5312"}],"collection":[{"href":"https:\/\/sabo1845.com\/fr\/wp-json\/wp\/v2\/product"}],"about":[{"href":"https:\/\/sabo1845.com\/fr\/wp-json\/wp\/v2\/types\/product"}],"replies":[{"embeddable":true,"href":"https:\/\/sabo1845.com\/fr\/wp-json\/wp\/v2\/comments?post=5312"}],"wp:featuredmedia":[{"embeddable":true,"href":"https:\/\/sabo1845.com\/fr\/wp-json\/wp\/v2\/media\/5934"}],"wp:attachment":[{"href":"https:\/\/sabo1845.com\/fr\/wp-json\/wp\/v2\/media?parent=5312"}],"wp:term":[{"taxonomy":"product_cat","embeddable":true,"href":"https:\/\/sabo1845.com\/fr\/wp-json\/wp\/v2\/product_cat?post=5312"},{"taxonomy":"product_tag","embeddable":true,"href":"https:\/\/sabo1845.com\/fr\/wp-json\/wp\/v2\/product_tag?post=5312"}],"curies":[{"name":"wp","href":"https:\/\/api.w.org\/{rel}","templated":true}]}}