{"id":5315,"date":"2019-11-07T22:23:59","date_gmt":"2019-11-07T22:23:59","guid":{"rendered":"https:\/\/aradesign.dev\/product\/olivenoel-2\/"},"modified":"2021-03-25T14:30:11","modified_gmt":"2021-03-25T14:30:11","slug":"olivenoel-2","status":"publish","type":"product","link":"https:\/\/sabo1845.com\/fr\/produit\/olivenoel-2\/","title":{"rendered":"Huile d&#8217;olive"},"content":{"rendered":"<p>Cette huile au go\u00fbt neutre se pr\u00eate \u00e0 de nombreuses utilisations en cuisine, id\u00e9ale aussi bien crue que cuite.<\/p>\n<p>&nbsp;<\/p>\n","protected":false},"excerpt":{"rendered":"<p>Cette huile au go\u00fbt neutre se pr\u00eate \u00e0 de nombreuses utilisations en cuisine, id\u00e9ale aussi bien crue que cuite. &nbsp;<\/p>\n","protected":false},"featured_media":10512,"comment_status":"open","ping_status":"closed","template":"","meta":[],"product_cat":[166,179],"product_tag":[],"wpr_featured_image":["https:\/\/sabo1845.com\/wp-content\/uploads\/2024\/06\/bbox_render_WEB_raff_v0-150x150.jpg",150,150,true],"_links":{"self":[{"href":"https:\/\/sabo1845.com\/fr\/wp-json\/wp\/v2\/product\/5315"}],"collection":[{"href":"https:\/\/sabo1845.com\/fr\/wp-json\/wp\/v2\/product"}],"about":[{"href":"https:\/\/sabo1845.com\/fr\/wp-json\/wp\/v2\/types\/product"}],"replies":[{"embeddable":true,"href":"https:\/\/sabo1845.com\/fr\/wp-json\/wp\/v2\/comments?post=5315"}],"wp:featuredmedia":[{"embeddable":true,"href":"https:\/\/sabo1845.com\/fr\/wp-json\/wp\/v2\/media\/10512"}],"wp:attachment":[{"href":"https:\/\/sabo1845.com\/fr\/wp-json\/wp\/v2\/media?parent=5315"}],"wp:term":[{"taxonomy":"product_cat","embeddable":true,"href":"https:\/\/sabo1845.com\/fr\/wp-json\/wp\/v2\/product_cat?post=5315"},{"taxonomy":"product_tag","embeddable":true,"href":"https:\/\/sabo1845.com\/fr\/wp-json\/wp\/v2\/product_tag?post=5315"}],"curies":[{"name":"wp","href":"https:\/\/api.w.org\/{rel}","templated":true}]}}