{"id":5318,"date":"2019-11-07T22:23:58","date_gmt":"2019-11-07T22:23:58","guid":{"rendered":"https:\/\/aradesign.dev\/product\/olivenoel-extra-vergine\/"},"modified":"2024-06-27T10:22:58","modified_gmt":"2024-06-27T10:22:58","slug":"olivenoel-extra-vergine","status":"publish","type":"product","link":"https:\/\/sabo1845.com\/fr\/produit\/olivenoel-extra-vergine\/","title":{"rendered":"Huile d&#8217;olive vierge extra M\u00e9diterran\u00e9enne"},"content":{"rendered":"<p>Huile d&#8217;olive de cat\u00e9gorie sup\u00e9rieure obtenue directement par la pression d&#8217;olives m\u00e9diterran\u00e9enne, uniquement par des proc\u00e9d\u00e9s m\u00e9caniques. Saveur douce et fruit\u00e9e intense. Id\u00e9ale aussi bien crue que pour la cuisson \u00e0 temp\u00e9rature \u00e9lev\u00e9e.<\/p>\n","protected":false},"excerpt":{"rendered":"<p>M\u00e9diterran\u00e9enne<\/p>\n","protected":false},"featured_media":10508,"comment_status":"open","ping_status":"closed","template":"","meta":[],"product_cat":[166,179],"product_tag":[],"wpr_featured_image":["https:\/\/sabo1845.com\/wp-content\/uploads\/2024\/06\/bbox_render_WEB_mediterraneo_v0-150x150.jpg",150,150,true],"_links":{"self":[{"href":"https:\/\/sabo1845.com\/fr\/wp-json\/wp\/v2\/product\/5318"}],"collection":[{"href":"https:\/\/sabo1845.com\/fr\/wp-json\/wp\/v2\/product"}],"about":[{"href":"https:\/\/sabo1845.com\/fr\/wp-json\/wp\/v2\/types\/product"}],"replies":[{"embeddable":true,"href":"https:\/\/sabo1845.com\/fr\/wp-json\/wp\/v2\/comments?post=5318"}],"wp:featuredmedia":[{"embeddable":true,"href":"https:\/\/sabo1845.com\/fr\/wp-json\/wp\/v2\/media\/10508"}],"wp:attachment":[{"href":"https:\/\/sabo1845.com\/fr\/wp-json\/wp\/v2\/media?parent=5318"}],"wp:term":[{"taxonomy":"product_cat","embeddable":true,"href":"https:\/\/sabo1845.com\/fr\/wp-json\/wp\/v2\/product_cat?post=5318"},{"taxonomy":"product_tag","embeddable":true,"href":"https:\/\/sabo1845.com\/fr\/wp-json\/wp\/v2\/product_tag?post=5318"}],"curies":[{"name":"wp","href":"https:\/\/api.w.org\/{rel}","templated":true}]}}