{"id":5321,"date":"2019-11-07T22:23:57","date_gmt":"2019-11-07T22:23:57","guid":{"rendered":"https:\/\/aradesign.dev\/product\/natives-olivenoel-extra-11\/"},"modified":"2021-04-29T09:51:52","modified_gmt":"2021-04-29T09:51:52","slug":"natives-olivenoel-extra-11","status":"publish","type":"product","link":"https:\/\/sabo1845.com\/fr\/produit\/natives-olivenoel-extra-11\/","title":{"rendered":"Huile d&#8217;olive vierge extra"},"content":{"rendered":"<p>Huile d&#8217;olive de cat\u00e9gorie sup\u00e9rieure obtenue directement par la pression d&#8217;olives italiennes, uniquement par des proc\u00e9d\u00e9s m\u00e9caniques. Puissante et harmonieuse, cette huile pr\u00e9sente une saveur fruit\u00e9e et vive avec un fond d&#8217;amande douce. Id\u00e9ale aussi bien crue que pour la cuisson \u00e0 temp\u00e9rature \u00e9lev\u00e9e.<\/p>\n","protected":false},"excerpt":{"rendered":"<p>ITALIE<\/p>\n","protected":false},"featured_media":10504,"comment_status":"open","ping_status":"closed","template":"","meta":[],"product_cat":[166,179],"product_tag":[],"wpr_featured_image":["https:\/\/sabo1845.com\/wp-content\/uploads\/2024\/06\/bbox_render_WEB_ita_v0-150x150.jpg",150,150,true],"_links":{"self":[{"href":"https:\/\/sabo1845.com\/fr\/wp-json\/wp\/v2\/product\/5321"}],"collection":[{"href":"https:\/\/sabo1845.com\/fr\/wp-json\/wp\/v2\/product"}],"about":[{"href":"https:\/\/sabo1845.com\/fr\/wp-json\/wp\/v2\/types\/product"}],"replies":[{"embeddable":true,"href":"https:\/\/sabo1845.com\/fr\/wp-json\/wp\/v2\/comments?post=5321"}],"wp:featuredmedia":[{"embeddable":true,"href":"https:\/\/sabo1845.com\/fr\/wp-json\/wp\/v2\/media\/10504"}],"wp:attachment":[{"href":"https:\/\/sabo1845.com\/fr\/wp-json\/wp\/v2\/media?parent=5321"}],"wp:term":[{"taxonomy":"product_cat","embeddable":true,"href":"https:\/\/sabo1845.com\/fr\/wp-json\/wp\/v2\/product_cat?post=5321"},{"taxonomy":"product_tag","embeddable":true,"href":"https:\/\/sabo1845.com\/fr\/wp-json\/wp\/v2\/product_tag?post=5321"}],"curies":[{"name":"wp","href":"https:\/\/api.w.org\/{rel}","templated":true}]}}