{"id":5327,"date":"2019-11-07T22:23:56","date_gmt":"2019-11-07T22:23:56","guid":{"rendered":"https:\/\/aradesign.dev\/product\/sonnenblumenoel-h-o\/"},"modified":"2021-03-25T14:23:48","modified_gmt":"2021-03-25T14:23:48","slug":"sonnenblumenoel-h-o","status":"publish","type":"product","link":"https:\/\/sabo1845.com\/fr\/produit\/sonnenblumenoel-h-o\/","title":{"rendered":"Huile de tournesol H.O."},"content":{"rendered":"<p>Les tournesols haut ol\u00e9ique ont \u00e9t\u00e9 sp\u00e9cialement cultiv\u00e9s pour cr\u00e9er une huile v\u00e9g\u00e9tale id\u00e9ale pour la friture. Notre huile de friture a un go\u00fbt neutre et peut \u00eatre facilement chauff\u00e9e. Nos contr\u00f4les continus et rigoureux permettent de garantir \u00e0 notre huile de tournesol la constance d\u2019une qualit\u00e9 sup\u00e9rieure et un go\u00fbt pur et \u00e9quilibr\u00e9.<\/p>\n<p>&nbsp;<\/p>\n","protected":false},"excerpt":{"rendered":"<p>Les tournesols haut ol\u00e9ique ont \u00e9t\u00e9 sp\u00e9cialement cultiv\u00e9s pour cr\u00e9er une huile v\u00e9g\u00e9tale id\u00e9ale pour la friture. Notre huile de<span class=\"excerpt-hellip\"> [\u2026]<\/span><\/p>\n","protected":false},"featured_media":10496,"comment_status":"open","ping_status":"closed","template":"","meta":[],"product_cat":[166,179],"product_tag":[],"wpr_featured_image":["https:\/\/sabo1845.com\/wp-content\/uploads\/2024\/06\/bbox_render_WEB_girasole_ho_v0-150x150.jpg",150,150,true],"_links":{"self":[{"href":"https:\/\/sabo1845.com\/fr\/wp-json\/wp\/v2\/product\/5327"}],"collection":[{"href":"https:\/\/sabo1845.com\/fr\/wp-json\/wp\/v2\/product"}],"about":[{"href":"https:\/\/sabo1845.com\/fr\/wp-json\/wp\/v2\/types\/product"}],"replies":[{"embeddable":true,"href":"https:\/\/sabo1845.com\/fr\/wp-json\/wp\/v2\/comments?post=5327"}],"wp:featuredmedia":[{"embeddable":true,"href":"https:\/\/sabo1845.com\/fr\/wp-json\/wp\/v2\/media\/10496"}],"wp:attachment":[{"href":"https:\/\/sabo1845.com\/fr\/wp-json\/wp\/v2\/media?parent=5327"}],"wp:term":[{"taxonomy":"product_cat","embeddable":true,"href":"https:\/\/sabo1845.com\/fr\/wp-json\/wp\/v2\/product_cat?post=5327"},{"taxonomy":"product_tag","embeddable":true,"href":"https:\/\/sabo1845.com\/fr\/wp-json\/wp\/v2\/product_tag?post=5327"}],"curies":[{"name":"wp","href":"https:\/\/api.w.org\/{rel}","templated":true}]}}