{"id":5333,"date":"2019-11-07T22:23:54","date_gmt":"2019-11-07T22:23:54","guid":{"rendered":"https:\/\/aradesign.dev\/product\/rapsoel-holl\/"},"modified":"2021-03-25T14:20:56","modified_gmt":"2021-03-25T14:20:56","slug":"rapsoel-holl","status":"publish","type":"product","link":"https:\/\/sabo1845.com\/fr\/produit\/rapsoel-holl\/","title":{"rendered":"Huile de colza HOLL"},"content":{"rendered":"<p>Cette nouvelle vari\u00e9t\u00e9 de colza, appel\u00e9e colza HOLL, a \u00e9t\u00e9 sp\u00e9cialement d\u00e9velopp\u00e9e pour une cuisson r\u00e9p\u00e9t\u00e9e et intense. HOLL signifie High Oleic Low Linolenic (c&#8217;est-\u00e0-dire avec une teneur \u00e9lev\u00e9e en acide ol\u00e9ique et une faible teneur en acide linol\u00e9nique). Cette huile de colza suisse raffin\u00e9e s\u00e9duit par son go\u00fbt neutre et s&#8217;utilise de pr\u00e9f\u00e9rence pour les plats chauds en cuisine et en p\u00e2tisserie.<\/p>\n","protected":false},"excerpt":{"rendered":"<p>Cette nouvelle vari\u00e9t\u00e9 de colza, appel\u00e9e colza HOLL, a \u00e9t\u00e9 sp\u00e9cialement d\u00e9velopp\u00e9e pour une cuisson r\u00e9p\u00e9t\u00e9e et intense. HOLL signifie<span class=\"excerpt-hellip\"> [\u2026]<\/span><\/p>\n","protected":false},"featured_media":10601,"comment_status":"open","ping_status":"closed","template":"","meta":[],"product_cat":[166,179],"product_tag":[],"wpr_featured_image":["https:\/\/sabo1845.com\/wp-content\/uploads\/2024\/07\/bbox_render_WEB_colzaholl-150x150.jpg",150,150,true],"_links":{"self":[{"href":"https:\/\/sabo1845.com\/fr\/wp-json\/wp\/v2\/product\/5333"}],"collection":[{"href":"https:\/\/sabo1845.com\/fr\/wp-json\/wp\/v2\/product"}],"about":[{"href":"https:\/\/sabo1845.com\/fr\/wp-json\/wp\/v2\/types\/product"}],"replies":[{"embeddable":true,"href":"https:\/\/sabo1845.com\/fr\/wp-json\/wp\/v2\/comments?post=5333"}],"wp:featuredmedia":[{"embeddable":true,"href":"https:\/\/sabo1845.com\/fr\/wp-json\/wp\/v2\/media\/10601"}],"wp:attachment":[{"href":"https:\/\/sabo1845.com\/fr\/wp-json\/wp\/v2\/media?parent=5333"}],"wp:term":[{"taxonomy":"product_cat","embeddable":true,"href":"https:\/\/sabo1845.com\/fr\/wp-json\/wp\/v2\/product_cat?post=5333"},{"taxonomy":"product_tag","embeddable":true,"href":"https:\/\/sabo1845.com\/fr\/wp-json\/wp\/v2\/product_tag?post=5333"}],"curies":[{"name":"wp","href":"https:\/\/api.w.org\/{rel}","templated":true}]}}