{"id":5336,"date":"2019-11-07T22:23:52","date_gmt":"2019-11-07T22:23:52","guid":{"rendered":"https:\/\/aradesign.dev\/product\/natives-olivenoel-extra-9\/"},"modified":"2025-06-05T12:19:12","modified_gmt":"2025-06-05T12:19:12","slug":"natives-olivenoel-extra-9","status":"publish","type":"product","link":"https:\/\/sabo1845.com\/fr\/produit\/natives-olivenoel-extra-9\/","title":{"rendered":"Huile d&#8217;olive vierge extra m\u00e9diterran\u00e9enne"},"content":{"rendered":"<p>Huile d&#8217;olive de cat\u00e9gorie sup\u00e9rieure obtenue par la pression des olives et uniquement par des proc\u00e9d\u00e9s m\u00e9caniques. Parfum doux et d\u00e9licat, saveur fruit\u00e9e intense. Id\u00e9ale aussi bien crue que pour la cuisson \u00e0 des temp\u00e9ratures \u00e9lev\u00e9es.<\/p>\n","protected":false},"excerpt":{"rendered":"<p>M\u00c9DITERRAN\u00c9ENNE<\/p>\n","protected":false},"featured_media":3832,"comment_status":"open","ping_status":"closed","template":"","meta":[],"product_cat":[166,170,179],"product_tag":[],"wpr_featured_image":["https:\/\/sabo1845.com\/wp-content\/uploads\/2019\/11\/sabo_oliva_5L_3d_v0-2-150x150.jpg",150,150,true],"_links":{"self":[{"href":"https:\/\/sabo1845.com\/fr\/wp-json\/wp\/v2\/product\/5336"}],"collection":[{"href":"https:\/\/sabo1845.com\/fr\/wp-json\/wp\/v2\/product"}],"about":[{"href":"https:\/\/sabo1845.com\/fr\/wp-json\/wp\/v2\/types\/product"}],"replies":[{"embeddable":true,"href":"https:\/\/sabo1845.com\/fr\/wp-json\/wp\/v2\/comments?post=5336"}],"wp:featuredmedia":[{"embeddable":true,"href":"https:\/\/sabo1845.com\/fr\/wp-json\/wp\/v2\/media\/3832"}],"wp:attachment":[{"href":"https:\/\/sabo1845.com\/fr\/wp-json\/wp\/v2\/media?parent=5336"}],"wp:term":[{"taxonomy":"product_cat","embeddable":true,"href":"https:\/\/sabo1845.com\/fr\/wp-json\/wp\/v2\/product_cat?post=5336"},{"taxonomy":"product_tag","embeddable":true,"href":"https:\/\/sabo1845.com\/fr\/wp-json\/wp\/v2\/product_tag?post=5336"}],"curies":[{"name":"wp","href":"https:\/\/api.w.org\/{rel}","templated":true}]}}