{"id":5348,"date":"2019-11-07T22:23:22","date_gmt":"2019-11-07T22:23:22","guid":{"rendered":"https:\/\/aradesign.dev\/product\/olivenoel-extra-vergine-100-italienisch\/"},"modified":"2021-11-23T08:23:02","modified_gmt":"2021-11-23T08:23:02","slug":"olivenoel-extra-vergine-100-italienisch","status":"publish","type":"product","link":"https:\/\/sabo1845.com\/fr\/produit\/olivenoel-extra-vergine-100-italienisch\/","title":{"rendered":"Huile d&#8217;olive vierge extra 100% Italie biologique, econature"},"content":{"rendered":"<p>Id\u00e9ale crue, pour agr\u00e9menter les salades ou les plats cuits \u00e0 la vapeur. Elle est aussi conseill\u00e9e cuite, pour les cuissons \u00e0 haute temp\u00e9rature et la friture.<\/p>\n","protected":false},"excerpt":{"rendered":"<p>PRESS\u00c9E \u00c0 FROID<\/p>\n","protected":false},"featured_media":2392,"comment_status":"open","ping_status":"closed","template":"","meta":[],"product_cat":[188],"product_tag":[],"wpr_featured_image":["https:\/\/sabo1845.com\/wp-content\/uploads\/2019\/11\/OLIO-EXTRAVERGINE-OLIVA-100-ITALIANO_SM-150x150.jpg",150,150,true],"_links":{"self":[{"href":"https:\/\/sabo1845.com\/fr\/wp-json\/wp\/v2\/product\/5348"}],"collection":[{"href":"https:\/\/sabo1845.com\/fr\/wp-json\/wp\/v2\/product"}],"about":[{"href":"https:\/\/sabo1845.com\/fr\/wp-json\/wp\/v2\/types\/product"}],"replies":[{"embeddable":true,"href":"https:\/\/sabo1845.com\/fr\/wp-json\/wp\/v2\/comments?post=5348"}],"wp:featuredmedia":[{"embeddable":true,"href":"https:\/\/sabo1845.com\/fr\/wp-json\/wp\/v2\/media\/2392"}],"wp:attachment":[{"href":"https:\/\/sabo1845.com\/fr\/wp-json\/wp\/v2\/media?parent=5348"}],"wp:term":[{"taxonomy":"product_cat","embeddable":true,"href":"https:\/\/sabo1845.com\/fr\/wp-json\/wp\/v2\/product_cat?post=5348"},{"taxonomy":"product_tag","embeddable":true,"href":"https:\/\/sabo1845.com\/fr\/wp-json\/wp\/v2\/product_tag?post=5348"}],"curies":[{"name":"wp","href":"https:\/\/api.w.org\/{rel}","templated":true}]}}