{"id":5355,"date":"2020-08-05T08:07:47","date_gmt":"2020-08-05T08:07:47","guid":{"rendered":"https:\/\/aradesign.dev\/product\/bio-olivenoel-extra-vergine-mittelmeer\/"},"modified":"2020-10-30T15:53:24","modified_gmt":"2020-10-30T15:53:24","slug":"bio-olivenoel-extra-vergine-mittelmeer","status":"publish","type":"product","link":"https:\/\/sabo1845.com\/fr\/produit\/bio-olivenoel-extra-vergine-mittelmeer\/","title":{"rendered":"Huile d&#8217;olive vierge extra biologique"},"content":{"rendered":"<p>Id\u00e9ale crue, pour assaisonner les salades ou les plats cuits \u00e0 la vapeur. Elle est aussi conseill\u00e9e cuite, pour les cuissons \u00e0 haute temp\u00e9rature.<\/p>\n","protected":false},"excerpt":{"rendered":"<p>M\u00c9DITERRAN\u00c9ENNE<\/p>\n","protected":false},"featured_media":5930,"comment_status":"open","ping_status":"closed","template":"","meta":[],"product_cat":[166,182],"product_tag":[],"wpr_featured_image":["https:\/\/sabo1845.com\/wp-content\/uploads\/2020\/10\/Sabo_Bibox_neutro_20LT_WEB_evo_med-150x150.jpg",150,150,true],"_links":{"self":[{"href":"https:\/\/sabo1845.com\/fr\/wp-json\/wp\/v2\/product\/5355"}],"collection":[{"href":"https:\/\/sabo1845.com\/fr\/wp-json\/wp\/v2\/product"}],"about":[{"href":"https:\/\/sabo1845.com\/fr\/wp-json\/wp\/v2\/types\/product"}],"replies":[{"embeddable":true,"href":"https:\/\/sabo1845.com\/fr\/wp-json\/wp\/v2\/comments?post=5355"}],"wp:featuredmedia":[{"embeddable":true,"href":"https:\/\/sabo1845.com\/fr\/wp-json\/wp\/v2\/media\/5930"}],"wp:attachment":[{"href":"https:\/\/sabo1845.com\/fr\/wp-json\/wp\/v2\/media?parent=5355"}],"wp:term":[{"taxonomy":"product_cat","embeddable":true,"href":"https:\/\/sabo1845.com\/fr\/wp-json\/wp\/v2\/product_cat?post=5355"},{"taxonomy":"product_tag","embeddable":true,"href":"https:\/\/sabo1845.com\/fr\/wp-json\/wp\/v2\/product_tag?post=5355"}],"curies":[{"name":"wp","href":"https:\/\/api.w.org\/{rel}","templated":true}]}}