{"id":5492,"date":"2019-11-07T22:24:32","date_gmt":"2019-11-07T22:24:32","guid":{"rendered":"https:\/\/aradesign.dev\/product\/huile-de-coco\/"},"modified":"2025-04-23T12:05:59","modified_gmt":"2025-04-23T12:05:59","slug":"huile-de-coco","status":"publish","type":"product","link":"https:\/\/sabo1845.com\/fr\/produit\/huile-de-coco\/","title":{"rendered":"Huile de coco biologique, econature"},"content":{"rendered":"<p>Huile de coco biologique econature UNE GRAISSE VEGAN! Extraite des meilleurs cocotiers de la c\u00f4te ouest du Sri Lanka, elle peut \u00eatre utilis\u00e9e comme alternative au beurre, a une consistance ferme \u00e0 temp\u00e9rature ambiante et se liqu\u00e9fie d\u00e8s qu&#8217;elle est chauff\u00e9e. Gr\u00e2ce \u00e0 son l\u00e9ger go\u00fbt doux de noisette, elle convient particuli\u00e8rement aux desserts ou aux recettes exotiques.<\/p>\n","protected":false},"excerpt":{"rendered":"<p>PRESSEE A FROID<\/p>\n","protected":false},"featured_media":11130,"comment_status":"open","ping_status":"closed","template":"","meta":[],"product_cat":[188],"product_tag":[],"wpr_featured_image":["https:\/\/sabo1845.com\/wp-content\/uploads\/2019\/11\/ECONATURE_OLIO-DI-COCCO_200g--150x150.jpg",150,150,true],"_links":{"self":[{"href":"https:\/\/sabo1845.com\/fr\/wp-json\/wp\/v2\/product\/5492"}],"collection":[{"href":"https:\/\/sabo1845.com\/fr\/wp-json\/wp\/v2\/product"}],"about":[{"href":"https:\/\/sabo1845.com\/fr\/wp-json\/wp\/v2\/types\/product"}],"replies":[{"embeddable":true,"href":"https:\/\/sabo1845.com\/fr\/wp-json\/wp\/v2\/comments?post=5492"}],"wp:featuredmedia":[{"embeddable":true,"href":"https:\/\/sabo1845.com\/fr\/wp-json\/wp\/v2\/media\/11130"}],"wp:attachment":[{"href":"https:\/\/sabo1845.com\/fr\/wp-json\/wp\/v2\/media?parent=5492"}],"wp:term":[{"taxonomy":"product_cat","embeddable":true,"href":"https:\/\/sabo1845.com\/fr\/wp-json\/wp\/v2\/product_cat?post=5492"},{"taxonomy":"product_tag","embeddable":true,"href":"https:\/\/sabo1845.com\/fr\/wp-json\/wp\/v2\/product_tag?post=5492"}],"curies":[{"name":"wp","href":"https:\/\/api.w.org\/{rel}","templated":true}]}}