{"id":5503,"date":"2019-11-07T22:24:43","date_gmt":"2019-11-07T22:24:43","guid":{"rendered":"https:\/\/aradesign.dev\/product\/pizzaoel-2\/"},"modified":"2023-09-04T13:45:04","modified_gmt":"2023-09-04T13:45:04","slug":"pizzaoel-2","status":"publish","type":"product","link":"https:\/\/sabo1845.com\/fr\/produit\/pizzaoel-2\/","title":{"rendered":"Huile Pizza Piccante"},"content":{"rendered":"<p>Cette huile pour pizza, tr\u00e8s pris\u00e9e dans les pays m\u00e9diterran\u00e9ens, repr\u00e9sente l\u2019union parfaite de saveurs \u00e9pic\u00e9es et d\u00e9licieuses. Apr\u00e8s une r\u00e9vision approfondie du produit, nous avons cr\u00e9\u00e9 un m\u00e9lange de haute qualit\u00e9 \u00e0 base d&#8217;huile d&#8217;olive extra vierge avec des ingr\u00e9dients visibles tels que des piments entiers et des ajouts d&#8217;origan. Cela rend le produit globalement plus \u00e9pic\u00e9 et plus aromatique.&#8221;<\/p>\n","protected":false},"excerpt":{"rendered":"<p>Cette huile pour pizza, tr\u00e8s pris\u00e9e dans les pays m\u00e9diterran\u00e9ens, repr\u00e9sente l\u2019union parfaite de saveurs \u00e9pic\u00e9es et d\u00e9licieuses. Apr\u00e8s une<span class=\"excerpt-hellip\"> [\u2026]<\/span><\/p>\n","protected":false},"featured_media":10785,"comment_status":"open","ping_status":"closed","template":"","meta":[],"product_cat":[166,169,170],"product_tag":[],"wpr_featured_image":["https:\/\/sabo1845.com\/wp-content\/uploads\/2019\/11\/sabo_GC_pizza_KV24-1-150x150.jpg",150,150,true],"_links":{"self":[{"href":"https:\/\/sabo1845.com\/fr\/wp-json\/wp\/v2\/product\/5503"}],"collection":[{"href":"https:\/\/sabo1845.com\/fr\/wp-json\/wp\/v2\/product"}],"about":[{"href":"https:\/\/sabo1845.com\/fr\/wp-json\/wp\/v2\/types\/product"}],"replies":[{"embeddable":true,"href":"https:\/\/sabo1845.com\/fr\/wp-json\/wp\/v2\/comments?post=5503"}],"wp:featuredmedia":[{"embeddable":true,"href":"https:\/\/sabo1845.com\/fr\/wp-json\/wp\/v2\/media\/10785"}],"wp:attachment":[{"href":"https:\/\/sabo1845.com\/fr\/wp-json\/wp\/v2\/media?parent=5503"}],"wp:term":[{"taxonomy":"product_cat","embeddable":true,"href":"https:\/\/sabo1845.com\/fr\/wp-json\/wp\/v2\/product_cat?post=5503"},{"taxonomy":"product_tag","embeddable":true,"href":"https:\/\/sabo1845.com\/fr\/wp-json\/wp\/v2\/product_tag?post=5503"}],"curies":[{"name":"wp","href":"https:\/\/api.w.org\/{rel}","templated":true}]}}