{"id":5509,"date":"2020-04-16T11:54:33","date_gmt":"2020-04-16T11:54:33","guid":{"rendered":"https:\/\/aradesign.dev\/product\/pflanzenoel\/"},"modified":"2022-09-29T06:55:35","modified_gmt":"2022-09-29T06:55:35","slug":"pflanzenoel","status":"publish","type":"product","link":"https:\/\/sabo1845.com\/fr\/produit\/pflanzenoel\/","title":{"rendered":"Huile v\u00e9g\u00e9tale"},"content":{"rendered":"<p>Un m\u00e9lange subtil d\u2019huiles raffin\u00e9es, obtenues \u00e0 partir de graines tournesol et colza. Go\u00fbt neutre, id\u00e9ale pour mayonnaise, sauces et plats chauds.<\/p>\n<p>&nbsp;<\/p>\n","protected":false},"excerpt":{"rendered":"<p>Un m\u00e9lange subtil d\u2019huiles raffin\u00e9es, obtenues \u00e0 partir de graines tournesol et colza. Go\u00fbt neutre, id\u00e9ale pour mayonnaise, sauces et<span class=\"excerpt-hellip\"> [\u2026]<\/span><\/p>\n","protected":false},"featured_media":10910,"comment_status":"open","ping_status":"closed","template":"","meta":[],"product_cat":[170,179,317],"product_tag":[],"wpr_featured_image":["https:\/\/sabo1845.com\/wp-content\/uploads\/2024\/12\/sabo_render_web_pflanzenol_1L-150x150.jpg",150,150,true],"_links":{"self":[{"href":"https:\/\/sabo1845.com\/fr\/wp-json\/wp\/v2\/product\/5509"}],"collection":[{"href":"https:\/\/sabo1845.com\/fr\/wp-json\/wp\/v2\/product"}],"about":[{"href":"https:\/\/sabo1845.com\/fr\/wp-json\/wp\/v2\/types\/product"}],"replies":[{"embeddable":true,"href":"https:\/\/sabo1845.com\/fr\/wp-json\/wp\/v2\/comments?post=5509"}],"wp:featuredmedia":[{"embeddable":true,"href":"https:\/\/sabo1845.com\/fr\/wp-json\/wp\/v2\/media\/10910"}],"wp:attachment":[{"href":"https:\/\/sabo1845.com\/fr\/wp-json\/wp\/v2\/media?parent=5509"}],"wp:term":[{"taxonomy":"product_cat","embeddable":true,"href":"https:\/\/sabo1845.com\/fr\/wp-json\/wp\/v2\/product_cat?post=5509"},{"taxonomy":"product_tag","embeddable":true,"href":"https:\/\/sabo1845.com\/fr\/wp-json\/wp\/v2\/product_tag?post=5509"}],"curies":[{"name":"wp","href":"https:\/\/api.w.org\/{rel}","templated":true}]}}