{"id":5537,"date":"2020-10-22T07:57:13","date_gmt":"2020-10-22T07:57:13","guid":{"rendered":"https:\/\/aradesign.dev\/?post_type=product&#038;p=5537"},"modified":"2022-09-29T06:54:23","modified_gmt":"2022-09-29T06:54:23","slug":"huile-vegetale-copy","status":"publish","type":"product","link":"https:\/\/sabo1845.com\/fr\/produit\/huile-vegetale-copy\/","title":{"rendered":"Huile v\u00e9g\u00e9tale"},"content":{"rendered":"<p>Notre huile v\u00e9g\u00e9tale est constitu\u00e9e d&#8217;un m\u00e9lange d&#8217;huile de tournesol et de colza. Son go\u00fbt neutre la rend id\u00e9ale pour les plats froids et chauds.<\/p>\n<p>&nbsp;<\/p>\n","protected":false},"excerpt":{"rendered":"<p>Notre huile v\u00e9g\u00e9tale est constitu\u00e9e d&#8217;un m\u00e9lange d&#8217;huile de tournesol et de colza. Son go\u00fbt neutre la rend id\u00e9ale pour<span class=\"excerpt-hellip\"> [\u2026]<\/span><\/p>\n","protected":false},"featured_media":10914,"comment_status":"open","ping_status":"closed","template":"","meta":[],"product_cat":[166,170,179,317],"product_tag":[],"wpr_featured_image":["https:\/\/sabo1845.com\/wp-content\/uploads\/2024\/12\/sabo_render_web_pflanzenol_2L-150x150.jpg",150,150,true],"_links":{"self":[{"href":"https:\/\/sabo1845.com\/fr\/wp-json\/wp\/v2\/product\/5537"}],"collection":[{"href":"https:\/\/sabo1845.com\/fr\/wp-json\/wp\/v2\/product"}],"about":[{"href":"https:\/\/sabo1845.com\/fr\/wp-json\/wp\/v2\/types\/product"}],"replies":[{"embeddable":true,"href":"https:\/\/sabo1845.com\/fr\/wp-json\/wp\/v2\/comments?post=5537"}],"wp:featuredmedia":[{"embeddable":true,"href":"https:\/\/sabo1845.com\/fr\/wp-json\/wp\/v2\/media\/10914"}],"wp:attachment":[{"href":"https:\/\/sabo1845.com\/fr\/wp-json\/wp\/v2\/media?parent=5537"}],"wp:term":[{"taxonomy":"product_cat","embeddable":true,"href":"https:\/\/sabo1845.com\/fr\/wp-json\/wp\/v2\/product_cat?post=5537"},{"taxonomy":"product_tag","embeddable":true,"href":"https:\/\/sabo1845.com\/fr\/wp-json\/wp\/v2\/product_tag?post=5537"}],"curies":[{"name":"wp","href":"https:\/\/api.w.org\/{rel}","templated":true}]}}