{"id":5577,"date":"2019-11-07T22:23:41","date_gmt":"2019-11-07T22:23:41","guid":{"rendered":"https:\/\/aradesign.dev\/product\/natives-olivenoel-extra-3\/"},"modified":"2022-04-11T11:15:27","modified_gmt":"2022-04-11T11:15:27","slug":"natives-olivenoel-extra-3","status":"publish","type":"product","link":"https:\/\/sabo1845.com\/fr\/produit\/natives-olivenoel-extra-3\/","title":{"rendered":"Huile d&#8217;Olive Vierge Extra"},"content":{"rendered":"<p>Cette huile d&#8217;olive vierge extra offre une saveur ronde et harmonieuse. De couleur verte, son parfum \u00e9voque les herbes aromatiques. Son go\u00fbt subtil et harmonieux\u00a0 exaltera le go\u00fbt de tous vos plats m\u00e9diterran\u00e9ens.<\/p>\n","protected":false},"excerpt":{"rendered":"<p>Cette huile d&#8217;olive vierge extra offre une saveur ronde et harmonieuse. De couleur verte, son parfum \u00e9voque les herbes aromatiques.<span class=\"excerpt-hellip\"> [\u2026]<\/span><\/p>\n","protected":false},"featured_media":6800,"comment_status":"open","ping_status":"closed","template":"","meta":[],"product_cat":[166,169,170],"product_tag":[],"wpr_featured_image":["https:\/\/sabo1845.com\/wp-content\/uploads\/2021\/08\/sabo_gc_evo_3d_c_500ml-150x150.jpg",150,150,true],"_links":{"self":[{"href":"https:\/\/sabo1845.com\/fr\/wp-json\/wp\/v2\/product\/5577"}],"collection":[{"href":"https:\/\/sabo1845.com\/fr\/wp-json\/wp\/v2\/product"}],"about":[{"href":"https:\/\/sabo1845.com\/fr\/wp-json\/wp\/v2\/types\/product"}],"replies":[{"embeddable":true,"href":"https:\/\/sabo1845.com\/fr\/wp-json\/wp\/v2\/comments?post=5577"}],"wp:featuredmedia":[{"embeddable":true,"href":"https:\/\/sabo1845.com\/fr\/wp-json\/wp\/v2\/media\/6800"}],"wp:attachment":[{"href":"https:\/\/sabo1845.com\/fr\/wp-json\/wp\/v2\/media?parent=5577"}],"wp:term":[{"taxonomy":"product_cat","embeddable":true,"href":"https:\/\/sabo1845.com\/fr\/wp-json\/wp\/v2\/product_cat?post=5577"},{"taxonomy":"product_tag","embeddable":true,"href":"https:\/\/sabo1845.com\/fr\/wp-json\/wp\/v2\/product_tag?post=5577"}],"curies":[{"name":"wp","href":"https:\/\/api.w.org\/{rel}","templated":true}]}}