{"id":5580,"date":"2019-11-07T22:23:41","date_gmt":"2019-11-07T22:23:41","guid":{"rendered":"https:\/\/aradesign.dev\/product\/kuerbiskernoel-geroestet\/"},"modified":"2022-04-11T11:16:24","modified_gmt":"2022-04-11T11:16:24","slug":"kuerbiskernoel-geroestet","status":"publish","type":"product","link":"https:\/\/sabo1845.com\/fr\/produit\/kuerbiskernoel-geroestet\/","title":{"rendered":"Huile de P\u00e9pins de Courge"},"content":{"rendered":"<p>L&#8217;huile de p\u00e9pins de courge est une huile de grande qualit\u00e9 qui est principalement utilis\u00e9e pour assaisonner les salades et les entr\u00e9es et sublimer vos plats cuisin\u00e9s tels que les soupes ou l\u00e9gumes cuits. L&#8217;huile de p\u00e9pins de courge se caract\u00e9rise par sa couleur verd\u00e2tre intense et son go\u00fbt l\u00e9g\u00e8rement relev\u00e9. L&#8217;ar\u00f4me des huiles press\u00e9es \u00e0 froid s&#8217;exalte au mieux dans la cuisine froide.<\/p>\n","protected":false},"excerpt":{"rendered":"<p>L&#8217;huile de p\u00e9pins de courge est une huile de grande qualit\u00e9 qui est principalement utilis\u00e9e pour assaisonner les salades et<span class=\"excerpt-hellip\"> [\u2026]<\/span><\/p>\n","protected":false},"featured_media":7239,"comment_status":"open","ping_status":"closed","template":"","meta":[],"product_cat":[166,169,170],"product_tag":[],"wpr_featured_image":["https:\/\/sabo1845.com\/wp-content\/uploads\/2019\/11\/sabo_gc_zucca_3d_250ml_v1-150x150.jpg",150,150,true],"_links":{"self":[{"href":"https:\/\/sabo1845.com\/fr\/wp-json\/wp\/v2\/product\/5580"}],"collection":[{"href":"https:\/\/sabo1845.com\/fr\/wp-json\/wp\/v2\/product"}],"about":[{"href":"https:\/\/sabo1845.com\/fr\/wp-json\/wp\/v2\/types\/product"}],"replies":[{"embeddable":true,"href":"https:\/\/sabo1845.com\/fr\/wp-json\/wp\/v2\/comments?post=5580"}],"wp:featuredmedia":[{"embeddable":true,"href":"https:\/\/sabo1845.com\/fr\/wp-json\/wp\/v2\/media\/7239"}],"wp:attachment":[{"href":"https:\/\/sabo1845.com\/fr\/wp-json\/wp\/v2\/media?parent=5580"}],"wp:term":[{"taxonomy":"product_cat","embeddable":true,"href":"https:\/\/sabo1845.com\/fr\/wp-json\/wp\/v2\/product_cat?post=5580"},{"taxonomy":"product_tag","embeddable":true,"href":"https:\/\/sabo1845.com\/fr\/wp-json\/wp\/v2\/product_tag?post=5580"}],"curies":[{"name":"wp","href":"https:\/\/api.w.org\/{rel}","templated":true}]}}