{"id":5583,"date":"2019-11-07T22:23:40","date_gmt":"2019-11-07T22:23:40","guid":{"rendered":"https:\/\/aradesign.dev\/product\/rapsoelzubereitung-mit-buttergeschmack\/"},"modified":"2022-04-11T11:17:16","modified_gmt":"2022-04-11T11:17:16","slug":"rapsoelzubereitung-mit-buttergeschmack","status":"publish","type":"product","link":"https:\/\/sabo1845.com\/fr\/produit\/rapsoelzubereitung-mit-buttergeschmack\/","title":{"rendered":"Huile de Colza avec l\u2019ar\u00f4me de Beurre"},"content":{"rendered":"<p>Cette pure huile v\u00e9g\u00e9tale aromatis\u00e9e au beurre est id\u00e9ale pour vos l\u00e9gumes po\u00eal\u00e9s ou pour enrichir les plats cuits \u00e0 la vapeur. Excellente pour la pr\u00e9paration des desserts et de la p\u00e2tisserie.<\/p>\n","protected":false},"excerpt":{"rendered":"<p>Cette pure huile v\u00e9g\u00e9tale aromatis\u00e9e au beurre est id\u00e9ale pour vos l\u00e9gumes po\u00eal\u00e9s ou pour enrichir les plats cuits \u00e0<span class=\"excerpt-hellip\"> [\u2026]<\/span><\/p>\n","protected":false},"featured_media":6820,"comment_status":"open","ping_status":"closed","template":"","meta":[],"product_cat":[166,169,170],"product_tag":[],"wpr_featured_image":["https:\/\/sabo1845.com\/wp-content\/uploads\/2021\/08\/sabo_gc_burro_3d_c_500ml-150x150.jpg",150,150,true],"_links":{"self":[{"href":"https:\/\/sabo1845.com\/fr\/wp-json\/wp\/v2\/product\/5583"}],"collection":[{"href":"https:\/\/sabo1845.com\/fr\/wp-json\/wp\/v2\/product"}],"about":[{"href":"https:\/\/sabo1845.com\/fr\/wp-json\/wp\/v2\/types\/product"}],"replies":[{"embeddable":true,"href":"https:\/\/sabo1845.com\/fr\/wp-json\/wp\/v2\/comments?post=5583"}],"wp:featuredmedia":[{"embeddable":true,"href":"https:\/\/sabo1845.com\/fr\/wp-json\/wp\/v2\/media\/6820"}],"wp:attachment":[{"href":"https:\/\/sabo1845.com\/fr\/wp-json\/wp\/v2\/media?parent=5583"}],"wp:term":[{"taxonomy":"product_cat","embeddable":true,"href":"https:\/\/sabo1845.com\/fr\/wp-json\/wp\/v2\/product_cat?post=5583"},{"taxonomy":"product_tag","embeddable":true,"href":"https:\/\/sabo1845.com\/fr\/wp-json\/wp\/v2\/product_tag?post=5583"}],"curies":[{"name":"wp","href":"https:\/\/api.w.org\/{rel}","templated":true}]}}