{"id":5586,"date":"2019-11-07T22:23:40","date_gmt":"2019-11-07T22:23:40","guid":{"rendered":"https:\/\/aradesign.dev\/product\/reiskeimoel\/"},"modified":"2022-04-11T11:19:28","modified_gmt":"2022-04-11T11:19:28","slug":"reiskeimoel","status":"publish","type":"product","link":"https:\/\/sabo1845.com\/fr\/produit\/reiskeimoel\/","title":{"rendered":"Huile de Riz"},"content":{"rendered":"<p>L&#8217;huile de riz est traditionnellement utilis\u00e9e dans la cuisine asiatique et est extraite du son de riz, cette gaine du grain qui renferme l\u2019essentiel des substances nutritives. L&#8217;huile de riz est d\u00e9licate et peut \u00eatre utilis\u00e9e pour la pr\u00e9paration de plats chauds ou froids. Gr\u00e2ce \u00e0 son point de fum\u00e9e tr\u00e8s \u00e9lev\u00e9, elle est id\u00e9ale pour la friture.<\/p>\n","protected":false},"excerpt":{"rendered":"<p>L&#8217;huile de riz est traditionnellement utilis\u00e9e dans la cuisine asiatique et est extraite du son de riz, cette gaine du<span class=\"excerpt-hellip\"> [\u2026]<\/span><\/p>\n","protected":false},"featured_media":6772,"comment_status":"open","ping_status":"closed","template":"","meta":[],"product_cat":[166,169,170],"product_tag":[],"wpr_featured_image":["https:\/\/sabo1845.com\/wp-content\/uploads\/2021\/08\/sabo_gc_riso_3d_c_500ml-150x150.jpg",150,150,true],"_links":{"self":[{"href":"https:\/\/sabo1845.com\/fr\/wp-json\/wp\/v2\/product\/5586"}],"collection":[{"href":"https:\/\/sabo1845.com\/fr\/wp-json\/wp\/v2\/product"}],"about":[{"href":"https:\/\/sabo1845.com\/fr\/wp-json\/wp\/v2\/types\/product"}],"replies":[{"embeddable":true,"href":"https:\/\/sabo1845.com\/fr\/wp-json\/wp\/v2\/comments?post=5586"}],"wp:featuredmedia":[{"embeddable":true,"href":"https:\/\/sabo1845.com\/fr\/wp-json\/wp\/v2\/media\/6772"}],"wp:attachment":[{"href":"https:\/\/sabo1845.com\/fr\/wp-json\/wp\/v2\/media?parent=5586"}],"wp:term":[{"taxonomy":"product_cat","embeddable":true,"href":"https:\/\/sabo1845.com\/fr\/wp-json\/wp\/v2\/product_cat?post=5586"},{"taxonomy":"product_tag","embeddable":true,"href":"https:\/\/sabo1845.com\/fr\/wp-json\/wp\/v2\/product_tag?post=5586"}],"curies":[{"name":"wp","href":"https:\/\/api.w.org\/{rel}","templated":true}]}}