{"id":5589,"date":"2019-11-07T22:23:29","date_gmt":"2019-11-07T22:23:29","guid":{"rendered":"https:\/\/aradesign.dev\/product\/hanfsamenoel\/"},"modified":"2024-06-26T07:47:32","modified_gmt":"2024-06-26T07:47:32","slug":"hanfsamenoel","status":"publish","type":"product","link":"https:\/\/sabo1845.com\/fr\/produit\/hanfsamenoel\/","title":{"rendered":"Huile de Graines de Chanvre"},"content":{"rendered":"<p>Notre pr\u00e9cieuse huile de graines de chanvre est extraite des graines par pression \u00e0 froid. L&#8217;huile obtenue se distingue par sa couleur vert dor\u00e9 intense et se marie parfaitement avec des plats froids, des l\u00e9gumes et du poisson.<\/p>\n","protected":false},"excerpt":{"rendered":"<p>Notre pr\u00e9cieuse huile de graines de chanvre est extraite des graines par pression \u00e0 froid. L&#8217;huile obtenue se distingue par<span class=\"excerpt-hellip\"> [\u2026]<\/span><\/p>\n","protected":false},"featured_media":6707,"comment_status":"open","ping_status":"closed","template":"","meta":[],"product_cat":[166,169,170],"product_tag":[],"wpr_featured_image":["https:\/\/sabo1845.com\/wp-content\/uploads\/2021\/08\/sabo_gc_canapa_3d_coop_250ml_v0-150x150.jpg",150,150,true],"_links":{"self":[{"href":"https:\/\/sabo1845.com\/fr\/wp-json\/wp\/v2\/product\/5589"}],"collection":[{"href":"https:\/\/sabo1845.com\/fr\/wp-json\/wp\/v2\/product"}],"about":[{"href":"https:\/\/sabo1845.com\/fr\/wp-json\/wp\/v2\/types\/product"}],"replies":[{"embeddable":true,"href":"https:\/\/sabo1845.com\/fr\/wp-json\/wp\/v2\/comments?post=5589"}],"wp:featuredmedia":[{"embeddable":true,"href":"https:\/\/sabo1845.com\/fr\/wp-json\/wp\/v2\/media\/6707"}],"wp:attachment":[{"href":"https:\/\/sabo1845.com\/fr\/wp-json\/wp\/v2\/media?parent=5589"}],"wp:term":[{"taxonomy":"product_cat","embeddable":true,"href":"https:\/\/sabo1845.com\/fr\/wp-json\/wp\/v2\/product_cat?post=5589"},{"taxonomy":"product_tag","embeddable":true,"href":"https:\/\/sabo1845.com\/fr\/wp-json\/wp\/v2\/product_tag?post=5589"}],"curies":[{"name":"wp","href":"https:\/\/api.w.org\/{rel}","templated":true}]}}