{"id":5760,"date":"2020-10-28T11:09:03","date_gmt":"2020-10-28T11:09:03","guid":{"rendered":"https:\/\/aradesign.dev\/?post_type=product&#038;p=5760"},"modified":"2022-04-11T10:00:50","modified_gmt":"2022-04-11T10:00:50","slug":"huile-de-carthame-copy","status":"publish","type":"product","link":"https:\/\/sabo1845.com\/fr\/produit\/huile-de-carthame-copy\/","title":{"rendered":"Huile de Colza press\u00e9e \u00e0 froid"},"content":{"rendered":"<p>L\u2019huile de colza est obtenue \u00e0 partir des graines de colza, cette plante aux fleurs jaunes qui fleurit au printemps. Notre huile de colza press\u00e9e \u00e0 froid a une couleur jaune vert-dor\u00e9 et un l\u00e9ger go\u00fbt de noisette. Id\u00e9ale pour assaisonner les salades ou pour affiner les dips et les marinades, elle convient particuli\u00e8rement aux plats froids.\u00a0 <\/p>\n","protected":false},"excerpt":{"rendered":"<p>L\u2019huile de colza est obtenue \u00e0 partir des graines de colza, cette plante aux fleurs jaunes qui fleurit au printemps.<span class=\"excerpt-hellip\"> [\u2026]<\/span><\/p>\n","protected":false},"featured_media":6808,"comment_status":"open","ping_status":"closed","template":"","meta":[],"product_cat":[166,169,170],"product_tag":[],"wpr_featured_image":["https:\/\/sabo1845.com\/wp-content\/uploads\/2021\/08\/sabo_gc_colzafreddo_3d_c_500ml-150x150.jpg",150,150,true],"_links":{"self":[{"href":"https:\/\/sabo1845.com\/fr\/wp-json\/wp\/v2\/product\/5760"}],"collection":[{"href":"https:\/\/sabo1845.com\/fr\/wp-json\/wp\/v2\/product"}],"about":[{"href":"https:\/\/sabo1845.com\/fr\/wp-json\/wp\/v2\/types\/product"}],"replies":[{"embeddable":true,"href":"https:\/\/sabo1845.com\/fr\/wp-json\/wp\/v2\/comments?post=5760"}],"wp:featuredmedia":[{"embeddable":true,"href":"https:\/\/sabo1845.com\/fr\/wp-json\/wp\/v2\/media\/6808"}],"wp:attachment":[{"href":"https:\/\/sabo1845.com\/fr\/wp-json\/wp\/v2\/media?parent=5760"}],"wp:term":[{"taxonomy":"product_cat","embeddable":true,"href":"https:\/\/sabo1845.com\/fr\/wp-json\/wp\/v2\/product_cat?post=5760"},{"taxonomy":"product_tag","embeddable":true,"href":"https:\/\/sabo1845.com\/fr\/wp-json\/wp\/v2\/product_tag?post=5760"}],"curies":[{"name":"wp","href":"https:\/\/api.w.org\/{rel}","templated":true}]}}