{"id":6475,"date":"2020-11-26T16:08:11","date_gmt":"2020-11-26T16:08:11","guid":{"rendered":"https:\/\/sabo1845.com\/product\/olivenoel-extra-vergine-italien\/"},"modified":"2021-11-22T15:05:21","modified_gmt":"2021-11-22T15:05:21","slug":"olivenoel-extra-vergine-italien","status":"publish","type":"product","link":"https:\/\/sabo1845.com\/fr\/produit\/olivenoel-extra-vergine-italien\/","title":{"rendered":"Huile d&#8217;olive vierge extra, Italie"},"content":{"rendered":"<p style=\"vertical-align: baseline; margin: 0cm 0cm 11.25pt 0cm;\"><span lang=\"IT-CH\" style=\"font-family: Raleway; color: #626262;\">Elle s\u2019utilise aussi bien crue que pour la cuisson \u00e0 des temp\u00e9ratures \u00e9lev\u00e9es.<\/span><\/p>\n<p><strong>Notre huile d&#8217;olive extra vierge italienne est certifi\u00e9e par Bio Suisse.<\/strong><\/p>\n<p><strong>\u00a0<\/strong><\/p>\n","protected":false},"excerpt":{"rendered":"<p>Elle s\u2019utilise aussi bien crue que pour la cuisson \u00e0 des temp\u00e9ratures \u00e9lev\u00e9es. Notre huile d&#8217;olive extra vierge italienne est<span class=\"excerpt-hellip\"> [\u2026]<\/span><\/p>\n","protected":false},"featured_media":6226,"comment_status":"open","ping_status":"closed","template":"","meta":[],"product_cat":[399,170,179],"product_tag":[],"wpr_featured_image":["https:\/\/sabo1845.com\/wp-content\/uploads\/2020\/11\/Natura-Bio-mit-Knospe-1-150x150.jpg",150,150,true],"_links":{"self":[{"href":"https:\/\/sabo1845.com\/fr\/wp-json\/wp\/v2\/product\/6475"}],"collection":[{"href":"https:\/\/sabo1845.com\/fr\/wp-json\/wp\/v2\/product"}],"about":[{"href":"https:\/\/sabo1845.com\/fr\/wp-json\/wp\/v2\/types\/product"}],"replies":[{"embeddable":true,"href":"https:\/\/sabo1845.com\/fr\/wp-json\/wp\/v2\/comments?post=6475"}],"wp:featuredmedia":[{"embeddable":true,"href":"https:\/\/sabo1845.com\/fr\/wp-json\/wp\/v2\/media\/6226"}],"wp:attachment":[{"href":"https:\/\/sabo1845.com\/fr\/wp-json\/wp\/v2\/media?parent=6475"}],"wp:term":[{"taxonomy":"product_cat","embeddable":true,"href":"https:\/\/sabo1845.com\/fr\/wp-json\/wp\/v2\/product_cat?post=6475"},{"taxonomy":"product_tag","embeddable":true,"href":"https:\/\/sabo1845.com\/fr\/wp-json\/wp\/v2\/product_tag?post=6475"}],"curies":[{"name":"wp","href":"https:\/\/api.w.org\/{rel}","templated":true}]}}