{"id":6906,"date":"2021-09-01T09:27:11","date_gmt":"2021-09-01T09:27:11","guid":{"rendered":"https:\/\/sabo1845.com\/?post_type=product&#038;p=6906"},"modified":"2021-09-06T10:22:43","modified_gmt":"2021-09-06T10:22:43","slug":"des-de-soja","status":"publish","type":"product","link":"https:\/\/sabo1845.com\/fr\/produit\/des-de-soja\/","title":{"rendered":"D\u00e9s de soja"},"content":{"rendered":"<p>Nos d\u00e9s sont un substitut parfait \u00e0 la viande. Du champs au produit final, le soja utilis\u00e9 est sans OGM et 100% biologique. De par leur forme, elles sont parfaites pour toutes sortes de plats, tels que des plats au curry ou farces.<\/p>\n<p>&nbsp;<\/p>\n","protected":false},"excerpt":{"rendered":"<p>BIOLOGIQUE<\/p>\n<p><img loading=\"lazy\" decoding=\"async\" class=\"wp-image-6884 size-medium\" src=\"https:\/\/sabo1845.com\/wp-content\/uploads\/2020\/05\/2_testuratoHD_Cubetti_mucchietto-300x279.jpg\" alt=\"\" width=\"300\" height=\"279\" srcset=\"https:\/\/sabo1845.com\/wp-content\/uploads\/2020\/05\/2_testuratoHD_Cubetti_mucchietto-300x279.jpg 300w, https:\/\/sabo1845.com\/wp-content\/uploads\/2020\/05\/2_testuratoHD_Cubetti_mucchietto-1024x953.jpg 1024w, https:\/\/sabo1845.com\/wp-content\/uploads\/2020\/05\/2_testuratoHD_Cubetti_mucchietto-768x714.jpg 768w, https:\/\/sabo1845.com\/wp-content\/uploads\/2020\/05\/2_testuratoHD_Cubetti_mucchietto-1536x1429.jpg 1536w, https:\/\/sabo1845.com\/wp-content\/uploads\/2020\/05\/2_testuratoHD_Cubetti_mucchietto-2048x1905.jpg 2048w, https:\/\/sabo1845.com\/wp-content\/uploads\/2020\/05\/2_testuratoHD_Cubetti_mucchietto-157x146.jpg 157w, https:\/\/sabo1845.com\/wp-content\/uploads\/2020\/05\/2_testuratoHD_Cubetti_mucchietto-50x47.jpg 50w, https:\/\/sabo1845.com\/wp-content\/uploads\/2020\/05\/2_testuratoHD_Cubetti_mucchietto-81x75.jpg 81w, https:\/\/sabo1845.com\/wp-content\/uploads\/2020\/05\/2_testuratoHD_Cubetti_mucchietto-600x558.jpg 600w\" sizes=\"(max-width:767px) 300px, 300px\" \/><\/p>\n","protected":false},"featured_media":7471,"comment_status":"open","ping_status":"closed","template":"","meta":[],"product_cat":[186,317],"product_tag":[],"wpr_featured_image":["https:\/\/sabo1845.com\/wp-content\/uploads\/2021\/09\/Wurfel_Gluten_Eurobio-150x150.jpg",150,150,true],"_links":{"self":[{"href":"https:\/\/sabo1845.com\/fr\/wp-json\/wp\/v2\/product\/6906"}],"collection":[{"href":"https:\/\/sabo1845.com\/fr\/wp-json\/wp\/v2\/product"}],"about":[{"href":"https:\/\/sabo1845.com\/fr\/wp-json\/wp\/v2\/types\/product"}],"replies":[{"embeddable":true,"href":"https:\/\/sabo1845.com\/fr\/wp-json\/wp\/v2\/comments?post=6906"}],"wp:featuredmedia":[{"embeddable":true,"href":"https:\/\/sabo1845.com\/fr\/wp-json\/wp\/v2\/media\/7471"}],"wp:attachment":[{"href":"https:\/\/sabo1845.com\/fr\/wp-json\/wp\/v2\/media?parent=6906"}],"wp:term":[{"taxonomy":"product_cat","embeddable":true,"href":"https:\/\/sabo1845.com\/fr\/wp-json\/wp\/v2\/product_cat?post=6906"},{"taxonomy":"product_tag","embeddable":true,"href":"https:\/\/sabo1845.com\/fr\/wp-json\/wp\/v2\/product_tag?post=6906"}],"curies":[{"name":"wp","href":"https:\/\/api.w.org\/{rel}","templated":true}]}}