{"id":7063,"date":"2021-09-16T06:41:59","date_gmt":"2021-09-16T06:41:59","guid":{"rendered":"https:\/\/sabo1845.com\/?post_type=product&#038;p=7063"},"modified":"2022-04-11T09:59:56","modified_gmt":"2022-04-11T09:59:56","slug":"huile-dolive-aromatisee-au-piment-copy","status":"publish","type":"product","link":"https:\/\/sabo1845.com\/fr\/produit\/huile-dolive-aromatisee-au-piment-copy\/","title":{"rendered":"Huile d&#8217;Avocat"},"content":{"rendered":"<p>Une huile d&#8217;une texture soyeuse et l\u00e9g\u00e8re, d\u2019une couleur vert intense. Particuli\u00e8rement indiqu\u00e9e pour assaisonner les salades, pour la marinade ou en filet sur les p\u00e2tes et les grillades de poisson et de viande.<\/p>\n","protected":false},"excerpt":{"rendered":"<p>Une huile d&#8217;une texture soyeuse et l\u00e9g\u00e8re, d\u2019une couleur vert intense. Particuli\u00e8rement indiqu\u00e9e pour assaisonner les salades, pour la marinade<span class=\"excerpt-hellip\"> [\u2026]<\/span><\/p>\n","protected":false},"featured_media":7127,"comment_status":"open","ping_status":"closed","template":"","meta":[],"product_cat":[166,169,170],"product_tag":[],"wpr_featured_image":["https:\/\/sabo1845.com\/wp-content\/uploads\/2021\/09\/sabo_gc_avocado_3d_c_250ml_v0-150x150.jpg",150,150,true],"_links":{"self":[{"href":"https:\/\/sabo1845.com\/fr\/wp-json\/wp\/v2\/product\/7063"}],"collection":[{"href":"https:\/\/sabo1845.com\/fr\/wp-json\/wp\/v2\/product"}],"about":[{"href":"https:\/\/sabo1845.com\/fr\/wp-json\/wp\/v2\/types\/product"}],"replies":[{"embeddable":true,"href":"https:\/\/sabo1845.com\/fr\/wp-json\/wp\/v2\/comments?post=7063"}],"wp:featuredmedia":[{"embeddable":true,"href":"https:\/\/sabo1845.com\/fr\/wp-json\/wp\/v2\/media\/7127"}],"wp:attachment":[{"href":"https:\/\/sabo1845.com\/fr\/wp-json\/wp\/v2\/media?parent=7063"}],"wp:term":[{"taxonomy":"product_cat","embeddable":true,"href":"https:\/\/sabo1845.com\/fr\/wp-json\/wp\/v2\/product_cat?post=7063"},{"taxonomy":"product_tag","embeddable":true,"href":"https:\/\/sabo1845.com\/fr\/wp-json\/wp\/v2\/product_tag?post=7063"}],"curies":[{"name":"wp","href":"https:\/\/api.w.org\/{rel}","templated":true}]}}