{"id":7450,"date":"2022-01-27T16:01:06","date_gmt":"2022-01-27T16:01:06","guid":{"rendered":"https:\/\/sabo1845.com\/?post_type=product&#038;p=7450"},"modified":"2022-05-05T13:28:05","modified_gmt":"2022-05-05T13:28:05","slug":"hache-de-soja-copy","status":"publish","type":"product","link":"https:\/\/sabo1845.com\/fr\/produit\/hache-de-soja-copy\/","title":{"rendered":"\u00c9minc\u00e9s de tournesol"},"content":{"rendered":"<p>Nos \u00e9minc\u00e9s de tournesole sont un substitut parfait \u00e0 la viande. Du champs au produit final, le produit est sans OGM et 100% biologique. Ils conviennent particuli\u00e8rement aux plats n\u00e9cessitant de gros morceaux, par ex. le Goulache. \u00a0<\/p>\n<p>&nbsp;<\/p>\n","protected":false},"excerpt":{"rendered":"<p>BIOLOGIQUE<\/p>\n<p>&nbsp;<\/p>\n","protected":false},"featured_media":8900,"comment_status":"open","ping_status":"closed","template":"","meta":[],"product_cat":[186],"product_tag":[],"wpr_featured_image":["https:\/\/sabo1845.com\/wp-content\/uploads\/2022\/12\/sabo_sunflower_nuggets-1-150x150.jpg",150,150,true],"_links":{"self":[{"href":"https:\/\/sabo1845.com\/fr\/wp-json\/wp\/v2\/product\/7450"}],"collection":[{"href":"https:\/\/sabo1845.com\/fr\/wp-json\/wp\/v2\/product"}],"about":[{"href":"https:\/\/sabo1845.com\/fr\/wp-json\/wp\/v2\/types\/product"}],"replies":[{"embeddable":true,"href":"https:\/\/sabo1845.com\/fr\/wp-json\/wp\/v2\/comments?post=7450"}],"wp:featuredmedia":[{"embeddable":true,"href":"https:\/\/sabo1845.com\/fr\/wp-json\/wp\/v2\/media\/8900"}],"wp:attachment":[{"href":"https:\/\/sabo1845.com\/fr\/wp-json\/wp\/v2\/media?parent=7450"}],"wp:term":[{"taxonomy":"product_cat","embeddable":true,"href":"https:\/\/sabo1845.com\/fr\/wp-json\/wp\/v2\/product_cat?post=7450"},{"taxonomy":"product_tag","embeddable":true,"href":"https:\/\/sabo1845.com\/fr\/wp-json\/wp\/v2\/product_tag?post=7450"}],"curies":[{"name":"wp","href":"https:\/\/api.w.org\/{rel}","templated":true}]}}