{"id":7454,"date":"2022-01-27T16:05:12","date_gmt":"2022-01-27T16:05:12","guid":{"rendered":"https:\/\/sabo1845.com\/?post_type=product&#038;p=7454"},"modified":"2022-08-31T10:20:58","modified_gmt":"2022-08-31T10:20:58","slug":"hache-de-soja-copy-copy","status":"publish","type":"product","link":"https:\/\/sabo1845.com\/fr\/produit\/hache-de-soja-copy-copy\/","title":{"rendered":"Hach\u00e9 de tournesol"},"content":{"rendered":"<p>Notre hach\u00e9 de tournesol est un substitut parfait \u00e0 la viande. Du champs au produit final, le soja est sans OGM et 100% biologique. Gr\u00e2ce \u00e0 sa texture fine, il convient particuli\u00e8rement \u00e0 la pr\u00e9paration de plats tels que la sauce bolognaise, les lasagnes ou le hach\u00e9 v\u00e9g\u00e9tarien. \u00a0<\/p>\n","protected":false},"excerpt":{"rendered":"<p>BIOLOGIQUE<\/p>\n<p><img loading=\"lazy\" decoding=\"async\" class=\"wp-image-6864 size-medium\" src=\"https:\/\/sabo1845.com\/wp-content\/uploads\/2020\/05\/1_testurato_Granulare-208x300.jpg\" alt=\"\" width=\"208\" height=\"300\" srcset=\"https:\/\/sabo1845.com\/wp-content\/uploads\/2020\/05\/1_testurato_Granulare-208x300.jpg 208w, https:\/\/sabo1845.com\/wp-content\/uploads\/2020\/05\/1_testurato_Granulare-709x1024.jpg 709w, https:\/\/sabo1845.com\/wp-content\/uploads\/2020\/05\/1_testurato_Granulare-768x1109.jpg 768w, https:\/\/sabo1845.com\/wp-content\/uploads\/2020\/05\/1_testurato_Granulare-1064x1536.jpg 1064w, https:\/\/sabo1845.com\/wp-content\/uploads\/2020\/05\/1_testurato_Granulare-1419x2048.jpg 1419w, https:\/\/sabo1845.com\/wp-content\/uploads\/2020\/05\/1_testurato_Granulare-101x146.jpg 101w, https:\/\/sabo1845.com\/wp-content\/uploads\/2020\/05\/1_testurato_Granulare-35x50.jpg 35w, https:\/\/sabo1845.com\/wp-content\/uploads\/2020\/05\/1_testurato_Granulare-52x75.jpg 52w, https:\/\/sabo1845.com\/wp-content\/uploads\/2020\/05\/1_testurato_Granulare-300x433.jpg 300w, https:\/\/sabo1845.com\/wp-content\/uploads\/2020\/05\/1_testurato_Granulare-600x866.jpg 600w, https:\/\/sabo1845.com\/wp-content\/uploads\/2020\/05\/1_testurato_Granulare-scaled.jpg 1773w\" sizes=\"(max-width:767px) 208px, 208px\" \/><\/p>\n","protected":false},"featured_media":8896,"comment_status":"open","ping_status":"closed","template":"","meta":[],"product_cat":[186],"product_tag":[],"wpr_featured_image":["https:\/\/sabo1845.com\/wp-content\/uploads\/2022\/12\/sabo_sunflower_mince-150x150.jpg",150,150,true],"_links":{"self":[{"href":"https:\/\/sabo1845.com\/fr\/wp-json\/wp\/v2\/product\/7454"}],"collection":[{"href":"https:\/\/sabo1845.com\/fr\/wp-json\/wp\/v2\/product"}],"about":[{"href":"https:\/\/sabo1845.com\/fr\/wp-json\/wp\/v2\/types\/product"}],"replies":[{"embeddable":true,"href":"https:\/\/sabo1845.com\/fr\/wp-json\/wp\/v2\/comments?post=7454"}],"wp:featuredmedia":[{"embeddable":true,"href":"https:\/\/sabo1845.com\/fr\/wp-json\/wp\/v2\/media\/8896"}],"wp:attachment":[{"href":"https:\/\/sabo1845.com\/fr\/wp-json\/wp\/v2\/media?parent=7454"}],"wp:term":[{"taxonomy":"product_cat","embeddable":true,"href":"https:\/\/sabo1845.com\/fr\/wp-json\/wp\/v2\/product_cat?post=7454"},{"taxonomy":"product_tag","embeddable":true,"href":"https:\/\/sabo1845.com\/fr\/wp-json\/wp\/v2\/product_tag?post=7454"}],"curies":[{"name":"wp","href":"https:\/\/api.w.org\/{rel}","templated":true}]}}