{"id":4987,"date":"2020-02-11T14:12:43","date_gmt":"2020-02-11T14:12:43","guid":{"rendered":"https:\/\/aradesign.dev\/product\/contadino-novello\/"},"modified":"2020-10-12T14:31:39","modified_gmt":"2020-10-12T14:31:39","slug":"contadino-novello","status":"publish","type":"product","link":"https:\/\/sabo1845.com\/it\/prodotto\/contadino-novello\/","title":{"rendered":"Contadino\/Novello 1 L"},"content":{"rendered":"<p>Il sapore del \u201cNovello\u201d EXTRA VERGINE ricorda il frutto verde e sano. Il suo fruttato aromatico, con un leggero retrogusto piccante, sar\u00e0 pi\u00f9 evidente fino a Giugno, in seguito il prodotto tender\u00e0 ad ammorbidirsi diventando pi\u00f9 dolce ed armonico.<\/p>\n","protected":false},"excerpt":{"rendered":"<p>Il sapore del \u201cNovello\u201d EXTRA VERGINE ricorda il frutto verde e sano. Il suo fruttato aromatico, con un leggero retrogusto<span class=\"excerpt-hellip\"> [\u2026]<\/span><\/p>\n","protected":false},"featured_media":3201,"comment_status":"open","ping_status":"closed","template":"","meta":[],"product_cat":[176],"product_tag":[],"wpr_featured_image":["https:\/\/sabo1845.com\/wp-content\/uploads\/2020\/02\/Novello_sito-150x150.jpg",150,150,true],"_links":{"self":[{"href":"https:\/\/sabo1845.com\/it\/wp-json\/wp\/v2\/product\/4987"}],"collection":[{"href":"https:\/\/sabo1845.com\/it\/wp-json\/wp\/v2\/product"}],"about":[{"href":"https:\/\/sabo1845.com\/it\/wp-json\/wp\/v2\/types\/product"}],"replies":[{"embeddable":true,"href":"https:\/\/sabo1845.com\/it\/wp-json\/wp\/v2\/comments?post=4987"}],"wp:featuredmedia":[{"embeddable":true,"href":"https:\/\/sabo1845.com\/it\/wp-json\/wp\/v2\/media\/3201"}],"wp:attachment":[{"href":"https:\/\/sabo1845.com\/it\/wp-json\/wp\/v2\/media?parent=4987"}],"wp:term":[{"taxonomy":"product_cat","embeddable":true,"href":"https:\/\/sabo1845.com\/it\/wp-json\/wp\/v2\/product_cat?post=4987"},{"taxonomy":"product_tag","embeddable":true,"href":"https:\/\/sabo1845.com\/it\/wp-json\/wp\/v2\/product_tag?post=4987"}],"curies":[{"name":"wp","href":"https:\/\/api.w.org\/{rel}","templated":true}]}}