{"id":5334,"date":"2019-11-07T22:23:54","date_gmt":"2019-11-07T22:23:54","guid":{"rendered":"https:\/\/aradesign.dev\/product\/rapsoel-holl\/"},"modified":"2020-10-22T11:55:37","modified_gmt":"2020-10-22T11:55:37","slug":"rapsoel-holl","status":"publish","type":"product","link":"https:\/\/sabo1845.com\/it\/prodotto\/rapsoel-holl\/","title":{"rendered":"Olio di colza HOLL"},"content":{"rendered":"<p>Questa nuova variet\u00e0 di colza \u00e8 stata sviluppata appositamente per un riscaldamento intenso e ripetuto ed \u00e8 chiamata colza HOLL. HOLL sta per High Oleic Low Linolenic, (cio\u00e8 con un alto contenuto di acido oleico e basso contenuto di acido linolenico). Questo olio di colza raffinato svizzero convince per il suo gusto neutro ed \u00e8 preferibilmente utilizzato nella cucina calda e per la cottura al forno.<\/p>\n","protected":false},"excerpt":{"rendered":"<p>Questa nuova variet\u00e0 di colza \u00e8 stata sviluppata appositamente per un riscaldamento intenso e ripetuto ed \u00e8 chiamata colza HOLL.<span class=\"excerpt-hellip\"> [\u2026]<\/span><\/p>\n","protected":false},"featured_media":10602,"comment_status":"open","ping_status":"closed","template":"","meta":[],"product_cat":[163,164],"product_tag":[],"wpr_featured_image":["https:\/\/sabo1845.com\/wp-content\/uploads\/2024\/07\/bbox_render_WEB_colzaholl-150x150.jpg",150,150,true],"_links":{"self":[{"href":"https:\/\/sabo1845.com\/it\/wp-json\/wp\/v2\/product\/5334"}],"collection":[{"href":"https:\/\/sabo1845.com\/it\/wp-json\/wp\/v2\/product"}],"about":[{"href":"https:\/\/sabo1845.com\/it\/wp-json\/wp\/v2\/types\/product"}],"replies":[{"embeddable":true,"href":"https:\/\/sabo1845.com\/it\/wp-json\/wp\/v2\/comments?post=5334"}],"wp:featuredmedia":[{"embeddable":true,"href":"https:\/\/sabo1845.com\/it\/wp-json\/wp\/v2\/media\/10602"}],"wp:attachment":[{"href":"https:\/\/sabo1845.com\/it\/wp-json\/wp\/v2\/media?parent=5334"}],"wp:term":[{"taxonomy":"product_cat","embeddable":true,"href":"https:\/\/sabo1845.com\/it\/wp-json\/wp\/v2\/product_cat?post=5334"},{"taxonomy":"product_tag","embeddable":true,"href":"https:\/\/sabo1845.com\/it\/wp-json\/wp\/v2\/product_tag?post=5334"}],"curies":[{"name":"wp","href":"https:\/\/api.w.org\/{rel}","templated":true}]}}