{"id":5339,"date":"2019-11-07T22:23:42","date_gmt":"2019-11-07T22:23:42","guid":{"rendered":"https:\/\/aradesign.dev\/product\/soja-gehacktes\/"},"modified":"2021-09-06T11:38:11","modified_gmt":"2021-09-06T11:38:11","slug":"soja-gehacktes","status":"publish","type":"product","link":"https:\/\/sabo1845.com\/it\/prodotto\/soja-gehacktes\/","title":{"rendered":"Granulare di soia"},"content":{"rendered":"<p>Il nostro granulare \u00e8 il sostituto perfetto della carne. \u00c8 OGM free e 100% biologico dalla coltivazione al prodotto finale. Grazie alla sua consistenza fine, \u00e8 particolarmente indicato per piatti come il rag\u00f9 alla bolognese oppure le lasagne.<\/p>\n","protected":false},"excerpt":{"rendered":"<p><img decoding=\"async\" id=\"image-preview-6864\" src=\"https:\/\/sabo1845.com\/wp-admin\/admin-ajax.php?action=imgedit-preview&amp;_ajax_nonce=9f2407b237&amp;postid=6864&amp;rand=12607\" alt=\"\" \/><\/p>\n","protected":false},"featured_media":7393,"comment_status":"open","ping_status":"closed","template":"","meta":[],"product_cat":[184],"product_tag":[],"wpr_featured_image":["https:\/\/sabo1845.com\/wp-content\/uploads\/2021\/12\/Gehacktes_gastro-150x150.jpg",150,150,true],"_links":{"self":[{"href":"https:\/\/sabo1845.com\/it\/wp-json\/wp\/v2\/product\/5339"}],"collection":[{"href":"https:\/\/sabo1845.com\/it\/wp-json\/wp\/v2\/product"}],"about":[{"href":"https:\/\/sabo1845.com\/it\/wp-json\/wp\/v2\/types\/product"}],"replies":[{"embeddable":true,"href":"https:\/\/sabo1845.com\/it\/wp-json\/wp\/v2\/comments?post=5339"}],"wp:featuredmedia":[{"embeddable":true,"href":"https:\/\/sabo1845.com\/it\/wp-json\/wp\/v2\/media\/7393"}],"wp:attachment":[{"href":"https:\/\/sabo1845.com\/it\/wp-json\/wp\/v2\/media?parent=5339"}],"wp:term":[{"taxonomy":"product_cat","embeddable":true,"href":"https:\/\/sabo1845.com\/it\/wp-json\/wp\/v2\/product_cat?post=5339"},{"taxonomy":"product_tag","embeddable":true,"href":"https:\/\/sabo1845.com\/it\/wp-json\/wp\/v2\/product_tag?post=5339"}],"curies":[{"name":"wp","href":"https:\/\/api.w.org\/{rel}","templated":true}]}}