{"id":5342,"date":"2019-11-07T22:23:39","date_gmt":"2019-11-07T22:23:39","guid":{"rendered":"https:\/\/aradesign.dev\/product\/rapsoel-2\/"},"modified":"2020-10-22T13:23:14","modified_gmt":"2020-10-22T13:23:14","slug":"rapsoel-2","status":"publish","type":"product","link":"https:\/\/sabo1845.com\/it\/prodotto\/rapsoel-2\/","title":{"rendered":"Olio di colza"},"content":{"rendered":"<p>L&#8217;olio di colza contiene vitamina E, \u00e8 ricco di acidi grassi insaturi e ha un alto contenuto di acidi grassi Omega-3. L&#8217;olio di colza \u00e8 ideale per piatti caldi e freddi ed \u00e8 adatto per insalate e condimenti, nonch\u00e9 per marinare, arrostire, brasare e stufare.<\/p>\n","protected":false},"excerpt":{"rendered":"<p>L&#8217;olio di colza contiene vitamina E, \u00e8 ricco di acidi grassi insaturi e ha un alto contenuto di acidi grassi<span class=\"excerpt-hellip\"> [\u2026]<\/span><\/p>\n","protected":false},"featured_media":10493,"comment_status":"open","ping_status":"closed","template":"","meta":[],"product_cat":[163,164],"product_tag":[],"wpr_featured_image":["https:\/\/sabo1845.com\/wp-content\/uploads\/2024\/06\/bbox_render_WEB_colce_v0-150x150.jpg",150,150,true],"_links":{"self":[{"href":"https:\/\/sabo1845.com\/it\/wp-json\/wp\/v2\/product\/5342"}],"collection":[{"href":"https:\/\/sabo1845.com\/it\/wp-json\/wp\/v2\/product"}],"about":[{"href":"https:\/\/sabo1845.com\/it\/wp-json\/wp\/v2\/types\/product"}],"replies":[{"embeddable":true,"href":"https:\/\/sabo1845.com\/it\/wp-json\/wp\/v2\/comments?post=5342"}],"wp:featuredmedia":[{"embeddable":true,"href":"https:\/\/sabo1845.com\/it\/wp-json\/wp\/v2\/media\/10493"}],"wp:attachment":[{"href":"https:\/\/sabo1845.com\/it\/wp-json\/wp\/v2\/media?parent=5342"}],"wp:term":[{"taxonomy":"product_cat","embeddable":true,"href":"https:\/\/sabo1845.com\/it\/wp-json\/wp\/v2\/product_cat?post=5342"},{"taxonomy":"product_tag","embeddable":true,"href":"https:\/\/sabo1845.com\/it\/wp-json\/wp\/v2\/product_tag?post=5342"}],"curies":[{"name":"wp","href":"https:\/\/api.w.org\/{rel}","templated":true}]}}