{"id":5500,"date":"2019-11-07T22:24:40","date_gmt":"2019-11-07T22:24:40","guid":{"rendered":"https:\/\/aradesign.dev\/product\/sojaflocken\/"},"modified":"2022-09-08T13:10:12","modified_gmt":"2022-09-08T13:10:12","slug":"sojaflocken","status":"publish","type":"product","link":"https:\/\/sabo1845.com\/it\/prodotto\/sojaflocken\/","title":{"rendered":"Granulare di soia"},"content":{"rendered":"<p>Il nostro granulare \u00e8 il sostituto perfetto della carne. \u00c8 OGM free e 100% biologico dalla coltivazione al prodotto finale. Grazie alla sua consistenza fine, \u00e8 particolarmente indicato per piatti come il rag\u00f9 alla bolognese oppure le lasagne.<\/p>\n","protected":false},"excerpt":{"rendered":"<p>BIOLOGICO<\/p>\n<p><img loading=\"lazy\" decoding=\"async\" class=\"wp-image-6864 size-medium\" src=\"https:\/\/sabo1845.com\/wp-content\/uploads\/2020\/05\/1_testurato_Granulare-208x300.jpg\" alt=\"\" width=\"208\" height=\"300\" srcset=\"https:\/\/sabo1845.com\/wp-content\/uploads\/2020\/05\/1_testurato_Granulare-208x300.jpg 208w, https:\/\/sabo1845.com\/wp-content\/uploads\/2020\/05\/1_testurato_Granulare-709x1024.jpg 709w, https:\/\/sabo1845.com\/wp-content\/uploads\/2020\/05\/1_testurato_Granulare-768x1109.jpg 768w, https:\/\/sabo1845.com\/wp-content\/uploads\/2020\/05\/1_testurato_Granulare-1064x1536.jpg 1064w, https:\/\/sabo1845.com\/wp-content\/uploads\/2020\/05\/1_testurato_Granulare-1419x2048.jpg 1419w, https:\/\/sabo1845.com\/wp-content\/uploads\/2020\/05\/1_testurato_Granulare-101x146.jpg 101w, https:\/\/sabo1845.com\/wp-content\/uploads\/2020\/05\/1_testurato_Granulare-35x50.jpg 35w, https:\/\/sabo1845.com\/wp-content\/uploads\/2020\/05\/1_testurato_Granulare-52x75.jpg 52w, https:\/\/sabo1845.com\/wp-content\/uploads\/2020\/05\/1_testurato_Granulare-300x433.jpg 300w, https:\/\/sabo1845.com\/wp-content\/uploads\/2020\/05\/1_testurato_Granulare-600x866.jpg 600w, https:\/\/sabo1845.com\/wp-content\/uploads\/2020\/05\/1_testurato_Granulare-scaled.jpg 1773w\" sizes=\"(max-width:767px) 208px, 208px\" \/><\/p>\n","protected":false},"featured_media":8889,"comment_status":"open","ping_status":"closed","template":"","meta":[],"product_cat":[184],"product_tag":[],"wpr_featured_image":["https:\/\/sabo1845.com\/wp-content\/uploads\/2022\/12\/sabo_soy_mince-150x150.jpg",150,150,true],"_links":{"self":[{"href":"https:\/\/sabo1845.com\/it\/wp-json\/wp\/v2\/product\/5500"}],"collection":[{"href":"https:\/\/sabo1845.com\/it\/wp-json\/wp\/v2\/product"}],"about":[{"href":"https:\/\/sabo1845.com\/it\/wp-json\/wp\/v2\/types\/product"}],"replies":[{"embeddable":true,"href":"https:\/\/sabo1845.com\/it\/wp-json\/wp\/v2\/comments?post=5500"}],"wp:featuredmedia":[{"embeddable":true,"href":"https:\/\/sabo1845.com\/it\/wp-json\/wp\/v2\/media\/8889"}],"wp:attachment":[{"href":"https:\/\/sabo1845.com\/it\/wp-json\/wp\/v2\/media?parent=5500"}],"wp:term":[{"taxonomy":"product_cat","embeddable":true,"href":"https:\/\/sabo1845.com\/it\/wp-json\/wp\/v2\/product_cat?post=5500"},{"taxonomy":"product_tag","embeddable":true,"href":"https:\/\/sabo1845.com\/it\/wp-json\/wp\/v2\/product_tag?post=5500"}],"curies":[{"name":"wp","href":"https:\/\/api.w.org\/{rel}","templated":true}]}}