{"id":5514,"date":"2019-11-07T22:24:38","date_gmt":"2019-11-07T22:24:38","guid":{"rendered":"https:\/\/aradesign.dev\/product\/erdnussoel-7\/"},"modified":"2020-10-22T08:18:55","modified_gmt":"2020-10-22T08:18:55","slug":"erdnussoel-7","status":"publish","type":"product","link":"https:\/\/sabo1845.com\/it\/prodotto\/erdnussoel-7\/","title":{"rendered":"Olio di arachide"},"content":{"rendered":"<p>Grazie al suo gusto neutro e al fatto che pu\u00f2 essere riscaldato, l&#8217;olio di arachidi \u00e8 molto adatto per le fritture. L&#8217;olio di arachidi \u00e8 ricco di vitamina E ed ha un buon equilibrio tra acidi grassi monoinsaturi e polinsaturi.<\/p>\n<p>&nbsp;<\/p>\n","protected":false},"excerpt":{"rendered":"<p>Grazie al suo gusto neutro e al fatto che pu\u00f2 essere riscaldato, l&#8217;olio di arachidi \u00e8 molto adatto per le<span class=\"excerpt-hellip\"> [\u2026]<\/span><\/p>\n","protected":false},"featured_media":10883,"comment_status":"open","ping_status":"closed","template":"","meta":[],"product_cat":[163,171,164],"product_tag":[],"wpr_featured_image":["https:\/\/sabo1845.com\/wp-content\/uploads\/2024\/12\/sabo_render_web_erdnussol_2L-150x150.jpg",150,150,true],"_links":{"self":[{"href":"https:\/\/sabo1845.com\/it\/wp-json\/wp\/v2\/product\/5514"}],"collection":[{"href":"https:\/\/sabo1845.com\/it\/wp-json\/wp\/v2\/product"}],"about":[{"href":"https:\/\/sabo1845.com\/it\/wp-json\/wp\/v2\/types\/product"}],"replies":[{"embeddable":true,"href":"https:\/\/sabo1845.com\/it\/wp-json\/wp\/v2\/comments?post=5514"}],"wp:featuredmedia":[{"embeddable":true,"href":"https:\/\/sabo1845.com\/it\/wp-json\/wp\/v2\/media\/10883"}],"wp:attachment":[{"href":"https:\/\/sabo1845.com\/it\/wp-json\/wp\/v2\/media?parent=5514"}],"wp:term":[{"taxonomy":"product_cat","embeddable":true,"href":"https:\/\/sabo1845.com\/it\/wp-json\/wp\/v2\/product_cat?post=5514"},{"taxonomy":"product_tag","embeddable":true,"href":"https:\/\/sabo1845.com\/it\/wp-json\/wp\/v2\/product_tag?post=5514"}],"curies":[{"name":"wp","href":"https:\/\/api.w.org\/{rel}","templated":true}]}}