{"id":5520,"date":"2019-11-07T22:24:06","date_gmt":"2019-11-07T22:24:06","guid":{"rendered":"https:\/\/aradesign.dev\/product\/rapsoel-3\/"},"modified":"2020-10-22T08:20:21","modified_gmt":"2020-10-22T08:20:21","slug":"rapsoel-3","status":"publish","type":"product","link":"https:\/\/sabo1845.com\/it\/prodotto\/rapsoel-3\/","title":{"rendered":"Olio di colza"},"content":{"rendered":"<p>L&#8217;olio di colza contiene vitamina E, \u00e8 ricco di acidi grassi insaturi e ha un alto contenuto di acidi grassi Omega-3. L&#8217;olio di colza \u00e8 ideale per piatti caldi e freddi ed \u00e8 adatto per insalate e condimenti, nonch\u00e9 per marinare, arrostire, brasare e stufare.<\/p>\n","protected":false},"excerpt":{"rendered":"<p>L&#8217;olio di colza contiene vitamina E, \u00e8 ricco di acidi grassi insaturi e ha un alto contenuto di acidi grassi<span class=\"excerpt-hellip\"> [\u2026]<\/span><\/p>\n","protected":false},"featured_media":10375,"comment_status":"open","ping_status":"closed","template":"","meta":[],"product_cat":[163,171,164],"product_tag":[],"wpr_featured_image":["https:\/\/sabo1845.com\/wp-content\/uploads\/2024\/04\/sabo_colza_1L_3d_web_v1-150x150.jpg",150,150,true],"_links":{"self":[{"href":"https:\/\/sabo1845.com\/it\/wp-json\/wp\/v2\/product\/5520"}],"collection":[{"href":"https:\/\/sabo1845.com\/it\/wp-json\/wp\/v2\/product"}],"about":[{"href":"https:\/\/sabo1845.com\/it\/wp-json\/wp\/v2\/types\/product"}],"replies":[{"embeddable":true,"href":"https:\/\/sabo1845.com\/it\/wp-json\/wp\/v2\/comments?post=5520"}],"wp:featuredmedia":[{"embeddable":true,"href":"https:\/\/sabo1845.com\/it\/wp-json\/wp\/v2\/media\/10375"}],"wp:attachment":[{"href":"https:\/\/sabo1845.com\/it\/wp-json\/wp\/v2\/media?parent=5520"}],"wp:term":[{"taxonomy":"product_cat","embeddable":true,"href":"https:\/\/sabo1845.com\/it\/wp-json\/wp\/v2\/product_cat?post=5520"},{"taxonomy":"product_tag","embeddable":true,"href":"https:\/\/sabo1845.com\/it\/wp-json\/wp\/v2\/product_tag?post=5520"}],"curies":[{"name":"wp","href":"https:\/\/api.w.org\/{rel}","templated":true}]}}