{"id":5521,"date":"2019-11-07T22:24:05","date_gmt":"2019-11-07T22:24:05","guid":{"rendered":"https:\/\/aradesign.dev\/product\/erdnussoel-3\/"},"modified":"2019-11-07T22:24:05","modified_gmt":"2019-11-07T22:24:05","slug":"erdnussoel-3","status":"publish","type":"product","link":"https:\/\/sabo1845.com\/it\/prodotto\/erdnussoel-3\/","title":{"rendered":"Olio d&#8217;arachide"},"content":{"rendered":"<p>Grazie al suo gusto neutro e all\u2019elevata capacit\u00e0 di riscaldamento, l&#8217;olio di arachidi \u00e8 molto adatto per le fritture. L&#8217;olio di arachidi \u00e8 ricco di vitamina E ed ha un buon equilibrio tra acidi grassi monoinsaturi e polinsaturi.<\/p>\n","protected":false},"excerpt":{"rendered":"<p>Grazie al suo gusto neutro e all\u2019elevata capacit\u00e0 di riscaldamento, l&#8217;olio di arachidi \u00e8 molto adatto per le fritture. L&#8217;olio<span class=\"excerpt-hellip\"> [\u2026]<\/span><\/p>\n","protected":false},"featured_media":10887,"comment_status":"open","ping_status":"closed","template":"","meta":[],"product_cat":[163,164],"product_tag":[],"wpr_featured_image":["https:\/\/sabo1845.com\/wp-content\/uploads\/2024\/12\/sabo_render_web_erdnussol_3L-150x150.jpg",150,150,true],"_links":{"self":[{"href":"https:\/\/sabo1845.com\/it\/wp-json\/wp\/v2\/product\/5521"}],"collection":[{"href":"https:\/\/sabo1845.com\/it\/wp-json\/wp\/v2\/product"}],"about":[{"href":"https:\/\/sabo1845.com\/it\/wp-json\/wp\/v2\/types\/product"}],"replies":[{"embeddable":true,"href":"https:\/\/sabo1845.com\/it\/wp-json\/wp\/v2\/comments?post=5521"}],"wp:featuredmedia":[{"embeddable":true,"href":"https:\/\/sabo1845.com\/it\/wp-json\/wp\/v2\/media\/10887"}],"wp:attachment":[{"href":"https:\/\/sabo1845.com\/it\/wp-json\/wp\/v2\/media?parent=5521"}],"wp:term":[{"taxonomy":"product_cat","embeddable":true,"href":"https:\/\/sabo1845.com\/it\/wp-json\/wp\/v2\/product_cat?post=5521"},{"taxonomy":"product_tag","embeddable":true,"href":"https:\/\/sabo1845.com\/it\/wp-json\/wp\/v2\/product_tag?post=5521"}],"curies":[{"name":"wp","href":"https:\/\/api.w.org\/{rel}","templated":true}]}}