{"id":5524,"date":"2019-11-07T22:24:04","date_gmt":"2019-11-07T22:24:04","guid":{"rendered":"https:\/\/aradesign.dev\/product\/bonfrit-2\/"},"modified":"2025-01-20T13:49:22","modified_gmt":"2025-01-20T13:49:22","slug":"bonfrit-2","status":"publish","type":"product","link":"https:\/\/sabo1845.com\/it\/prodotto\/bonfrit-2\/","title":{"rendered":"BonFrit"},"content":{"rendered":"<p>BonFrit \u00e8 molto adatto per friggere grazie al suo gusto neutro e all&#8217;elevata capacit\u00e0 di riscaldamento. La speciale variet\u00e0 di <a href=\"https:\/\/sabo1845.com\/it\/materia-prima\/\">girasole alto oleico<\/a> e il nostro controllo continuo e attento si traducono in una qualit\u00e0 costantemente elevata e un gusto equilibrato e puro del nostro olio di girasole svizzero.<\/p>\n<p>&nbsp;<\/p>\n","protected":false},"excerpt":{"rendered":"<p>BonFrit \u00e8 molto adatto per friggere grazie al suo gusto neutro e all&#8217;elevata capacit\u00e0 di riscaldamento. La speciale variet\u00e0 di<span class=\"excerpt-hellip\"> [\u2026]<\/span><\/p>\n","protected":false},"featured_media":10871,"comment_status":"open","ping_status":"closed","template":"","meta":[],"product_cat":[163,171,164],"product_tag":[],"wpr_featured_image":["https:\/\/sabo1845.com\/wp-content\/uploads\/2024\/12\/sabo_render_web_bonfrit_3L-150x150.jpg",150,150,true],"_links":{"self":[{"href":"https:\/\/sabo1845.com\/it\/wp-json\/wp\/v2\/product\/5524"}],"collection":[{"href":"https:\/\/sabo1845.com\/it\/wp-json\/wp\/v2\/product"}],"about":[{"href":"https:\/\/sabo1845.com\/it\/wp-json\/wp\/v2\/types\/product"}],"replies":[{"embeddable":true,"href":"https:\/\/sabo1845.com\/it\/wp-json\/wp\/v2\/comments?post=5524"}],"wp:featuredmedia":[{"embeddable":true,"href":"https:\/\/sabo1845.com\/it\/wp-json\/wp\/v2\/media\/10871"}],"wp:attachment":[{"href":"https:\/\/sabo1845.com\/it\/wp-json\/wp\/v2\/media?parent=5524"}],"wp:term":[{"taxonomy":"product_cat","embeddable":true,"href":"https:\/\/sabo1845.com\/it\/wp-json\/wp\/v2\/product_cat?post=5524"},{"taxonomy":"product_tag","embeddable":true,"href":"https:\/\/sabo1845.com\/it\/wp-json\/wp\/v2\/product_tag?post=5524"}],"curies":[{"name":"wp","href":"https:\/\/api.w.org\/{rel}","templated":true}]}}