{"id":7455,"date":"2022-01-27T16:05:12","date_gmt":"2022-01-27T16:05:12","guid":{"rendered":"https:\/\/sabo1845.com\/?post_type=product&#038;p=7455"},"modified":"2022-08-31T10:21:28","modified_gmt":"2022-08-31T10:21:28","slug":"granulare-di-soia-copy-copy","status":"publish","type":"product","link":"https:\/\/sabo1845.com\/it\/prodotto\/granulare-di-soia-copy-copy\/","title":{"rendered":"Granulare di girasole"},"content":{"rendered":"<p>Il nostro granulare \u00e8 il sostituto perfetto della carne. \u00c8 OGM free e 100% biologico dalla coltivazione al prodotto finale. Grazie alla sua consistenza fine, \u00e8 particolarmente indicato per piatti come il rag\u00f9 alla bolognese oppure le lasagne. \u00a0<\/p>\n","protected":false},"excerpt":{"rendered":"<p>BIOLOGICO<\/p>\n<p><img loading=\"lazy\" decoding=\"async\" class=\"wp-image-6864 size-medium\" src=\"https:\/\/sabo1845.com\/wp-content\/uploads\/2020\/05\/1_testurato_Granulare-208x300.jpg\" alt=\"\" width=\"208\" height=\"300\" srcset=\"https:\/\/sabo1845.com\/wp-content\/uploads\/2020\/05\/1_testurato_Granulare-208x300.jpg 208w, https:\/\/sabo1845.com\/wp-content\/uploads\/2020\/05\/1_testurato_Granulare-709x1024.jpg 709w, https:\/\/sabo1845.com\/wp-content\/uploads\/2020\/05\/1_testurato_Granulare-768x1109.jpg 768w, https:\/\/sabo1845.com\/wp-content\/uploads\/2020\/05\/1_testurato_Granulare-1064x1536.jpg 1064w, https:\/\/sabo1845.com\/wp-content\/uploads\/2020\/05\/1_testurato_Granulare-1419x2048.jpg 1419w, https:\/\/sabo1845.com\/wp-content\/uploads\/2020\/05\/1_testurato_Granulare-101x146.jpg 101w, https:\/\/sabo1845.com\/wp-content\/uploads\/2020\/05\/1_testurato_Granulare-35x50.jpg 35w, https:\/\/sabo1845.com\/wp-content\/uploads\/2020\/05\/1_testurato_Granulare-52x75.jpg 52w, https:\/\/sabo1845.com\/wp-content\/uploads\/2020\/05\/1_testurato_Granulare-300x433.jpg 300w, https:\/\/sabo1845.com\/wp-content\/uploads\/2020\/05\/1_testurato_Granulare-600x866.jpg 600w, https:\/\/sabo1845.com\/wp-content\/uploads\/2020\/05\/1_testurato_Granulare-scaled.jpg 1773w\" sizes=\"(max-width:767px) 208px, 208px\" \/><\/p>\n","protected":false},"featured_media":8897,"comment_status":"open","ping_status":"closed","template":"","meta":[],"product_cat":[184],"product_tag":[],"wpr_featured_image":["https:\/\/sabo1845.com\/wp-content\/uploads\/2022\/12\/sabo_sunflower_mince-150x150.jpg",150,150,true],"_links":{"self":[{"href":"https:\/\/sabo1845.com\/it\/wp-json\/wp\/v2\/product\/7455"}],"collection":[{"href":"https:\/\/sabo1845.com\/it\/wp-json\/wp\/v2\/product"}],"about":[{"href":"https:\/\/sabo1845.com\/it\/wp-json\/wp\/v2\/types\/product"}],"replies":[{"embeddable":true,"href":"https:\/\/sabo1845.com\/it\/wp-json\/wp\/v2\/comments?post=7455"}],"wp:featuredmedia":[{"embeddable":true,"href":"https:\/\/sabo1845.com\/it\/wp-json\/wp\/v2\/media\/8897"}],"wp:attachment":[{"href":"https:\/\/sabo1845.com\/it\/wp-json\/wp\/v2\/media?parent=7455"}],"wp:term":[{"taxonomy":"product_cat","embeddable":true,"href":"https:\/\/sabo1845.com\/it\/wp-json\/wp\/v2\/product_cat?post=7455"},{"taxonomy":"product_tag","embeddable":true,"href":"https:\/\/sabo1845.com\/it\/wp-json\/wp\/v2\/product_tag?post=7455"}],"curies":[{"name":"wp","href":"https:\/\/api.w.org\/{rel}","templated":true}]}}